{"id":9978,"date":"2025-03-25T14:39:34","date_gmt":"2025-03-25T13:39:34","guid":{"rendered":"https:\/\/www.facture.net\/blog\/?page_id=9978"},"modified":"2026-02-09T15:18:32","modified_gmt":"2026-02-09T14:18:32","slug":"livre-blanc-facturation","status":"publish","type":"page","link":"https:\/\/www.facture.net\/blog\/livre-blanc-facturation\/","title":{"rendered":"Livre blanc sur la facturation"},"content":{"rendered":"\n<p>Vous lancez votre entreprise et vous voulez tout comprendre \u00e0 la facturation&nbsp;? <\/p>\n\n\n\n<p>Facture.net vous propose son livre blanc gratuit, cr\u00e9\u00e9 en partenariat avec la plateforme de freelance Codeur.com, pour tout savoir sur la facturation.<\/p>\n\n\n\n<h2 class=\"wp-block-heading\">T\u00e9l\u00e9charger le guide de la facturation 2026<\/h2>\n\n\n\n<form action=\"https:\/\/newsletter.codeur.com\/sendy\/subscribe\" method=\"POST\" accept-charset=\"utf-8\">\n  <div class=\"form-group mb-2\">\n    <input class=\"form-control text-center email\" id=\"email\" name=\"email\" placeholder=\"Votre e-mail\" type=\"email\" style=\"width:75%; margin-left:auto; margin-right:auto; display:flex;\"\/>\n  <\/div>\n  <div style=\"display:none;\">\n    <label for=\"hp\">HP<\/label><br\/>\n    <input type=\"text\" name=\"hp\" id=\"hp\"\/>\n  <\/div>\n  <input type=\"hidden\" name=\"list\" value=\"ozRhdpf2BoXnmjGcNTdKyQ\"\/>\n  <input type=\"hidden\" name=\"subform\" value=\"yes\"\/>\n  <div class=\"form-group mb-2\">\n  <input type=\"submit\" name=\"submit\" id=\"submit\" style=\"width: 75%; margin: 0 auto; display: block;\" value=\"Recevoir le guide gratuitement\"\/>\n<\/div>\n<\/form>\n\n\n\n<p>Renseignez votre adresse e-mail pour recevoir gratuitement notre guide pour tout comprendre \u00e0 la facturation en 2026&nbsp;!<\/p>\n\n\n\n<h2 class=\"wp-block-heading\">Utiliser le meilleur outil de facturation gratuit<\/h2>\n\n\n\n<p>Utilisez notre logiciel de facturation gratuit Facture.net pour cr\u00e9er votre entreprise et cr\u00e9er vos devis et vos factures.<\/p>\n\n\n\n<p>Facture.net, c&#8217;est le seul logiciel de facturation qui propose&nbsp;:<\/p>\n\n\n\n<ul class=\"wp-block-list\">\n<li>facturation 100% gratuite<\/li>\n\n\n\n<li>Nombre de devis illimit\u00e9<\/li>\n\n\n\n<li>Nombre de factures illimit\u00e9<\/li>\n\n\n\n<li>Conforme \u00e0 la loi TVA<\/li>\n\n\n\n<li>CRM int\u00e9gr\u00e9<\/li>\n\n\n\n<li>Export des documents<\/li>\n<\/ul>\n\n\n\n<p>Alors n&#8217;attendez plus pour <a href=\"https:\/\/www.facture.net\/\">essayer gratuitement Facture.net<\/a>&nbsp;!<\/p>\n","protected":false},"excerpt":{"rendered":"<p>Vous lancez votre entreprise et vous voulez tout comprendre \u00e0 la facturation&nbsp;? Facture.net vous propose son livre blanc gratuit, cr\u00e9\u00e9 en partenariat avec la plateforme de freelance Codeur.com, pour tout savoir sur la facturation. T\u00e9l\u00e9charger le guide de la facturation 2026 HP Renseignez votre adresse e-mail pour recevoir gratuitement notre guide pour tout comprendre \u00e0 [&hellip;]<\/p>\n","protected":false},"author":37,"featured_media":12107,"parent":0,"menu_order":0,"comment_status":"closed","ping_status":"closed","template":"","meta":{"_acf_changed":false,"inline_featured_image":false,"footnotes":""},"class_list":["post-9978","page","type-page","status-publish","has-post-thumbnail","hentry"],"acf":[],"yoast_head":"<!-- This site is optimized with the Yoast SEO plugin v25.9 - https:\/\/yoast.com\/wordpress\/plugins\/seo\/ -->\n<title>Livre blanc sur la facturation - Facture.net<\/title>\n<meta name=\"description\" content=\"Vous lancez votre entreprise et vous voulez tout comprendre \u00e0 la facturation ? Facture.net vous propose son livre blanc gratuit, cr\u00e9\u00e9 en partenariat avec\" \/>\n<meta name=\"robots\" content=\"index, follow, max-snippet:-1, max-image-preview:large, max-video-preview:-1\" \/>\n<link rel=\"canonical\" href=\"https:\/\/www.facture.net\/blog\/livre-blanc-facturation\/\" \/>\n<meta property=\"og:locale\" content=\"fr_FR\" \/>\n<meta property=\"og:type\" content=\"article\" \/>\n<meta property=\"og:title\" content=\"Livre blanc sur la facturation - Facture.net\" \/>\n<meta property=\"og:description\" content=\"Vous lancez votre entreprise et vous voulez tout comprendre \u00e0 la facturation ? Facture.net vous propose son livre blanc gratuit, cr\u00e9\u00e9 en partenariat avec\" \/>\n<meta property=\"og:url\" content=\"https:\/\/www.facture.net\/blog\/livre-blanc-facturation\/\" \/>\n<meta property=\"og:site_name\" content=\"Facture.net\" \/>\n<meta property=\"article:modified_time\" content=\"2026-02-09T14:18:32+00:00\" \/>\n<meta property=\"og:image\" content=\"https:\/\/www.facture.net\/blog\/wp-content\/uploads\/sites\/3\/2026\/02\/guide-facture.png\" \/>\n\t<meta property=\"og:image:width\" content=\"1200\" \/>\n\t<meta property=\"og:image:height\" content=\"684\" \/>\n\t<meta property=\"og:image:type\" content=\"image\/png\" \/>\n<meta name=\"twitter:card\" content=\"summary_large_image\" \/>\n<meta name=\"twitter:label1\" content=\"Dur\u00e9e de lecture estim\u00e9e\" \/>\n\t<meta name=\"twitter:data1\" content=\"1 minute\" \/>\n<script type=\"application\/ld+json\" class=\"yoast-schema-graph\">{\"@context\":\"https:\/\/schema.org\",\"@graph\":[{\"@type\":\"WebPage\",\"@id\":\"https:\/\/www.facture.net\/blog\/livre-blanc-facturation\/\",\"url\":\"https:\/\/www.facture.net\/blog\/livre-blanc-facturation\/\",\"name\":\"Livre blanc sur la facturation - Facture.net\",\"isPartOf\":{\"@id\":\"https:\/\/www.facture.net\/blog\/#website\"},\"primaryImageOfPage\":{\"@id\":\"https:\/\/www.facture.net\/blog\/livre-blanc-facturation\/#primaryimage\"},\"image\":{\"@id\":\"https:\/\/www.facture.net\/blog\/livre-blanc-facturation\/#primaryimage\"},\"thumbnailUrl\":\"https:\/\/www.facture.net\/blog\/wp-content\/uploads\/sites\/3\/2026\/02\/guide-facture.png\",\"datePublished\":\"2025-03-25T13:39:34+00:00\",\"dateModified\":\"2026-02-09T14:18:32+00:00\",\"description\":\"Vous lancez votre entreprise et vous voulez tout comprendre \u00e0 la facturation ? Facture.net vous propose son livre blanc gratuit, cr\u00e9\u00e9 en partenariat avec\",\"breadcrumb\":{\"@id\":\"https:\/\/www.facture.net\/blog\/livre-blanc-facturation\/#breadcrumb\"},\"inLanguage\":\"fr-FR\",\"potentialAction\":[{\"@type\":\"ReadAction\",\"target\":[\"https:\/\/www.facture.net\/blog\/livre-blanc-facturation\/\"]}]},{\"@type\":\"ImageObject\",\"inLanguage\":\"fr-FR\",\"@id\":\"https:\/\/www.facture.net\/blog\/livre-blanc-facturation\/#primaryimage\",\"url\":\"https:\/\/www.facture.net\/blog\/wp-content\/uploads\/sites\/3\/2026\/02\/guide-facture.png\",\"contentUrl\":\"https:\/\/www.facture.net\/blog\/wp-content\/uploads\/sites\/3\/2026\/02\/guide-facture.png\",\"width\":1200,\"height\":684,\"caption\":\"guide facturation 2026\"},{\"@type\":\"BreadcrumbList\",\"@id\":\"https:\/\/www.facture.net\/blog\/livre-blanc-facturation\/#breadcrumb\",\"itemListElement\":[{\"@type\":\"ListItem\",\"position\":1,\"name\":\"Blog\",\"item\":\"https:\/\/www.facture.net\/blog\/\"},{\"@type\":\"ListItem\",\"position\":2,\"name\":\"Livre blanc sur la facturation\"}]},{\"@type\":\"WebSite\",\"@id\":\"https:\/\/www.facture.net\/blog\/#website\",\"url\":\"https:\/\/www.facture.net\/blog\/\",\"name\":\"Facture.net\",\"description\":\"facture\",\"publisher\":{\"@id\":\"https:\/\/www.facture.net\/blog\/#organization\"},\"potentialAction\":[{\"@type\":\"SearchAction\",\"target\":{\"@type\":\"EntryPoint\",\"urlTemplate\":\"https:\/\/www.facture.net\/blog\/?s={search_term_string}\"},\"query-input\":{\"@type\":\"PropertyValueSpecification\",\"valueRequired\":true,\"valueName\":\"search_term_string\"}}],\"inLanguage\":\"fr-FR\"},{\"@type\":\"Organization\",\"@id\":\"https:\/\/www.facture.net\/blog\/#organization\",\"name\":\"Facture.net\",\"url\":\"https:\/\/www.facture.net\/blog\/\",\"logo\":{\"@type\":\"ImageObject\",\"inLanguage\":\"fr-FR\",\"@id\":\"https:\/\/www.facture.net\/blog\/#\/schema\/logo\/image\/\",\"url\":\"https:\/\/www.facture.net\/blog\/wp-content\/uploads\/sites\/3\/2022\/07\/logo-facture.svg\",\"contentUrl\":\"https:\/\/www.facture.net\/blog\/wp-content\/uploads\/sites\/3\/2022\/07\/logo-facture.svg\",\"width\":1,\"height\":1,\"caption\":\"Facture.net\"},\"image\":{\"@id\":\"https:\/\/www.facture.net\/blog\/#\/schema\/logo\/image\/\"}}]}<\/script>\n<!-- \/ Yoast SEO plugin. -->","yoast_head_json":{"title":"Livre blanc sur la facturation - Facture.net","description":"Vous lancez votre entreprise et vous voulez tout comprendre \u00e0 la facturation ? Facture.net vous propose son livre blanc gratuit, cr\u00e9\u00e9 en partenariat avec","robots":{"index":"index","follow":"follow","max-snippet":"max-snippet:-1","max-image-preview":"max-image-preview:large","max-video-preview":"max-video-preview:-1"},"canonical":"https:\/\/www.facture.net\/blog\/livre-blanc-facturation\/","og_locale":"fr_FR","og_type":"article","og_title":"Livre blanc sur la facturation - Facture.net","og_description":"Vous lancez votre entreprise et vous voulez tout comprendre \u00e0 la facturation ? Facture.net vous propose son livre blanc gratuit, cr\u00e9\u00e9 en partenariat avec","og_url":"https:\/\/www.facture.net\/blog\/livre-blanc-facturation\/","og_site_name":"Facture.net","article_modified_time":"2026-02-09T14:18:32+00:00","og_image":[{"width":1200,"height":684,"url":"https:\/\/www.facture.net\/blog\/wp-content\/uploads\/sites\/3\/2026\/02\/guide-facture.png","type":"image\/png"}],"twitter_card":"summary_large_image","twitter_misc":{"Dur\u00e9e de lecture estim\u00e9e":"1 minute"},"schema":{"@context":"https:\/\/schema.org","@graph":[{"@type":"WebPage","@id":"https:\/\/www.facture.net\/blog\/livre-blanc-facturation\/","url":"https:\/\/www.facture.net\/blog\/livre-blanc-facturation\/","name":"Livre blanc sur la facturation - Facture.net","isPartOf":{"@id":"https:\/\/www.facture.net\/blog\/#website"},"primaryImageOfPage":{"@id":"https:\/\/www.facture.net\/blog\/livre-blanc-facturation\/#primaryimage"},"image":{"@id":"https:\/\/www.facture.net\/blog\/livre-blanc-facturation\/#primaryimage"},"thumbnailUrl":"https:\/\/www.facture.net\/blog\/wp-content\/uploads\/sites\/3\/2026\/02\/guide-facture.png","datePublished":"2025-03-25T13:39:34+00:00","dateModified":"2026-02-09T14:18:32+00:00","description":"Vous lancez votre entreprise et vous voulez tout comprendre \u00e0 la facturation ? Facture.net vous propose son livre blanc gratuit, cr\u00e9\u00e9 en partenariat avec","breadcrumb":{"@id":"https:\/\/www.facture.net\/blog\/livre-blanc-facturation\/#breadcrumb"},"inLanguage":"fr-FR","potentialAction":[{"@type":"ReadAction","target":["https:\/\/www.facture.net\/blog\/livre-blanc-facturation\/"]}]},{"@type":"ImageObject","inLanguage":"fr-FR","@id":"https:\/\/www.facture.net\/blog\/livre-blanc-facturation\/#primaryimage","url":"https:\/\/www.facture.net\/blog\/wp-content\/uploads\/sites\/3\/2026\/02\/guide-facture.png","contentUrl":"https:\/\/www.facture.net\/blog\/wp-content\/uploads\/sites\/3\/2026\/02\/guide-facture.png","width":1200,"height":684,"caption":"guide facturation 2026"},{"@type":"BreadcrumbList","@id":"https:\/\/www.facture.net\/blog\/livre-blanc-facturation\/#breadcrumb","itemListElement":[{"@type":"ListItem","position":1,"name":"Blog","item":"https:\/\/www.facture.net\/blog\/"},{"@type":"ListItem","position":2,"name":"Livre blanc sur la facturation"}]},{"@type":"WebSite","@id":"https:\/\/www.facture.net\/blog\/#website","url":"https:\/\/www.facture.net\/blog\/","name":"Facture.net","description":"facture","publisher":{"@id":"https:\/\/www.facture.net\/blog\/#organization"},"potentialAction":[{"@type":"SearchAction","target":{"@type":"EntryPoint","urlTemplate":"https:\/\/www.facture.net\/blog\/?s={search_term_string}"},"query-input":{"@type":"PropertyValueSpecification","valueRequired":true,"valueName":"search_term_string"}}],"inLanguage":"fr-FR"},{"@type":"Organization","@id":"https:\/\/www.facture.net\/blog\/#organization","name":"Facture.net","url":"https:\/\/www.facture.net\/blog\/","logo":{"@type":"ImageObject","inLanguage":"fr-FR","@id":"https:\/\/www.facture.net\/blog\/#\/schema\/logo\/image\/","url":"https:\/\/www.facture.net\/blog\/wp-content\/uploads\/sites\/3\/2022\/07\/logo-facture.svg","contentUrl":"https:\/\/www.facture.net\/blog\/wp-content\/uploads\/sites\/3\/2022\/07\/logo-facture.svg","width":1,"height":1,"caption":"Facture.net"},"image":{"@id":"https:\/\/www.facture.net\/blog\/#\/schema\/logo\/image\/"}}]}},"_links":{"self":[{"href":"https:\/\/www.facture.net\/blog\/wp-json\/wp\/v2\/pages\/9978","targetHints":{"allow":["GET"]}}],"collection":[{"href":"https:\/\/www.facture.net\/blog\/wp-json\/wp\/v2\/pages"}],"about":[{"href":"https:\/\/www.facture.net\/blog\/wp-json\/wp\/v2\/types\/page"}],"author":[{"embeddable":true,"href":"https:\/\/www.facture.net\/blog\/wp-json\/wp\/v2\/users\/37"}],"replies":[{"embeddable":true,"href":"https:\/\/www.facture.net\/blog\/wp-json\/wp\/v2\/comments?post=9978"}],"version-history":[{"count":0,"href":"https:\/\/www.facture.net\/blog\/wp-json\/wp\/v2\/pages\/9978\/revisions"}],"wp:featuredmedia":[{"embeddable":true,"href":"https:\/\/www.facture.net\/blog\/wp-json\/wp\/v2\/media\/12107"}],"wp:attachment":[{"href":"https:\/\/www.facture.net\/blog\/wp-json\/wp\/v2\/media?parent=9978"}],"curies":[{"name":"wp","href":"https:\/\/api.w.org\/{rel}","templated":true}]}}