{"id":4176,"date":"2022-07-22T09:39:42","date_gmt":"2022-07-22T07:39:42","guid":{"rendered":"https:\/\/www.facture.net\/blog\/?page_id=4176"},"modified":"2022-07-22T09:39:42","modified_gmt":"2022-07-22T07:39:42","slug":"versement-liberatoire-de-limpot-sur-le-revenu","status":"publish","type":"page","link":"https:\/\/www.facture.net\/blog\/definition\/versement-liberatoire-de-limpot-sur-le-revenu\/","title":{"rendered":"Versement lib\u00e9ratoire de l&#8217;imp\u00f4t sur le revenu"},"content":{"rendered":"<h2>Qu&#8217;est-ce que le versement lib\u00e9ratoire de l&#8217;imp\u00f4t sur le revenu&nbsp;?<\/h2>\n<p>Le versement lib\u00e9ratoire est un r\u00e9gime propos\u00e9 aux micro-entrepreneurs pour faciliter leurs d\u00e9marches fiscales.<\/p>\n<p>Il permet aux auto-entrepreneurs de payer leur imp\u00f4t en m\u00eame temps que leurs charges sociales, \u00e0 l&#8217;URSSAF.<\/p>\n<p>\ud83d\udc49 D\u00e9couvrez les conditions pour en b\u00e9n\u00e9ficier et toutes ses modalit\u00e9s dans <a href=\"https:\/\/www.facture.net\/blog\/versement-liberatoire-impot-sur-le-revenu\/\">notre article d\u00e9di\u00e9<\/a>.<\/p>\n","protected":false},"excerpt":{"rendered":"<p>Qu&#8217;est-ce que le versement lib\u00e9ratoire de l&#8217;imp\u00f4t sur le revenu&nbsp;? Le versement lib\u00e9ratoire est un r\u00e9gime propos\u00e9 aux micro-entrepreneurs pour faciliter leurs d\u00e9marches fiscales. Il permet aux auto-entrepreneurs de payer leur imp\u00f4t en m\u00eame temps que leurs charges sociales, \u00e0 l&#8217;URSSAF. \ud83d\udc49 D\u00e9couvrez les conditions pour en b\u00e9n\u00e9ficier et toutes ses modalit\u00e9s dans notre article [&hellip;]<\/p>\n","protected":false},"author":1,"featured_media":0,"parent":3962,"menu_order":0,"comment_status":"closed","ping_status":"closed","template":"","meta":{"_acf_changed":false,"inline_featured_image":false,"footnotes":""},"class_list":["post-4176","page","type-page","status-publish","hentry"],"acf":[],"yoast_head":"<!-- This site is optimized with the Yoast SEO plugin v25.9 - https:\/\/yoast.com\/wordpress\/plugins\/seo\/ -->\n<title>Versement lib\u00e9ratoire de l&#039;imp\u00f4t sur le revenu - Facture.net<\/title>\n<meta name=\"description\" content=\"Qu&#039;est-ce que le versement lib\u00e9ratoire de l&#039;imp\u00f4t sur le revenu ? Le versement lib\u00e9ratoire est un r\u00e9gime propos\u00e9 aux micro-entrepreneurs pour faciliter\" \/>\n<meta name=\"robots\" content=\"index, follow, max-snippet:-1, max-image-preview:large, max-video-preview:-1\" \/>\n<link rel=\"canonical\" href=\"https:\/\/www.facture.net\/blog\/definition\/versement-liberatoire-de-limpot-sur-le-revenu\/\" \/>\n<meta property=\"og:locale\" content=\"fr_FR\" \/>\n<meta property=\"og:type\" content=\"article\" \/>\n<meta property=\"og:title\" content=\"Versement lib\u00e9ratoire de l&#039;imp\u00f4t sur le revenu - Facture.net\" \/>\n<meta property=\"og:description\" content=\"Qu&#039;est-ce que le versement lib\u00e9ratoire de l&#039;imp\u00f4t sur le revenu ? Le versement lib\u00e9ratoire est un r\u00e9gime propos\u00e9 aux micro-entrepreneurs pour faciliter\" \/>\n<meta property=\"og:url\" content=\"https:\/\/www.facture.net\/blog\/definition\/versement-liberatoire-de-limpot-sur-le-revenu\/\" \/>\n<meta property=\"og:site_name\" content=\"Facture.net\" \/>\n<meta name=\"twitter:card\" content=\"summary_large_image\" \/>\n<script type=\"application\/ld+json\" class=\"yoast-schema-graph\">{\"@context\":\"https:\/\/schema.org\",\"@graph\":[{\"@type\":\"WebPage\",\"@id\":\"https:\/\/www.facture.net\/blog\/definition\/versement-liberatoire-de-limpot-sur-le-revenu\/\",\"url\":\"https:\/\/www.facture.net\/blog\/definition\/versement-liberatoire-de-limpot-sur-le-revenu\/\",\"name\":\"Versement lib\u00e9ratoire de l'imp\u00f4t sur le revenu - Facture.net\",\"isPartOf\":{\"@id\":\"https:\/\/www.facture.net\/blog\/#website\"},\"datePublished\":\"2022-07-22T07:39:42+00:00\",\"description\":\"Qu'est-ce que le versement lib\u00e9ratoire de l'imp\u00f4t sur le revenu ? Le versement lib\u00e9ratoire est un r\u00e9gime propos\u00e9 aux micro-entrepreneurs pour faciliter\",\"breadcrumb\":{\"@id\":\"https:\/\/www.facture.net\/blog\/definition\/versement-liberatoire-de-limpot-sur-le-revenu\/#breadcrumb\"},\"inLanguage\":\"fr-FR\",\"potentialAction\":[{\"@type\":\"ReadAction\",\"target\":[\"https:\/\/www.facture.net\/blog\/definition\/versement-liberatoire-de-limpot-sur-le-revenu\/\"]}]},{\"@type\":\"BreadcrumbList\",\"@id\":\"https:\/\/www.facture.net\/blog\/definition\/versement-liberatoire-de-limpot-sur-le-revenu\/#breadcrumb\",\"itemListElement\":[{\"@type\":\"ListItem\",\"position\":1,\"name\":\"Blog\",\"item\":\"https:\/\/www.facture.net\/blog\/\"},{\"@type\":\"ListItem\",\"position\":2,\"name\":\"Toutes les d\u00e9finitions utiles pour votre gestion\",\"item\":\"https:\/\/www.facture.net\/blog\/definition\/\"},{\"@type\":\"ListItem\",\"position\":3,\"name\":\"Versement lib\u00e9ratoire de l&#8217;imp\u00f4t sur le revenu\"}]},{\"@type\":\"WebSite\",\"@id\":\"https:\/\/www.facture.net\/blog\/#website\",\"url\":\"https:\/\/www.facture.net\/blog\/\",\"name\":\"Facture.net\",\"description\":\"facture\",\"publisher\":{\"@id\":\"https:\/\/www.facture.net\/blog\/#organization\"},\"potentialAction\":[{\"@type\":\"SearchAction\",\"target\":{\"@type\":\"EntryPoint\",\"urlTemplate\":\"https:\/\/www.facture.net\/blog\/?s={search_term_string}\"},\"query-input\":{\"@type\":\"PropertyValueSpecification\",\"valueRequired\":true,\"valueName\":\"search_term_string\"}}],\"inLanguage\":\"fr-FR\"},{\"@type\":\"Organization\",\"@id\":\"https:\/\/www.facture.net\/blog\/#organization\",\"name\":\"Facture.net\",\"url\":\"https:\/\/www.facture.net\/blog\/\",\"logo\":{\"@type\":\"ImageObject\",\"inLanguage\":\"fr-FR\",\"@id\":\"https:\/\/www.facture.net\/blog\/#\/schema\/logo\/image\/\",\"url\":\"https:\/\/www.facture.net\/blog\/wp-content\/uploads\/sites\/3\/2022\/07\/logo-facture.svg\",\"contentUrl\":\"https:\/\/www.facture.net\/blog\/wp-content\/uploads\/sites\/3\/2022\/07\/logo-facture.svg\",\"width\":1,\"height\":1,\"caption\":\"Facture.net\"},\"image\":{\"@id\":\"https:\/\/www.facture.net\/blog\/#\/schema\/logo\/image\/\"}}]}<\/script>\n<!-- \/ Yoast SEO plugin. -->","yoast_head_json":{"title":"Versement lib\u00e9ratoire de l'imp\u00f4t sur le revenu - Facture.net","description":"Qu'est-ce que le versement lib\u00e9ratoire de l'imp\u00f4t sur le revenu ? Le versement lib\u00e9ratoire est un r\u00e9gime propos\u00e9 aux micro-entrepreneurs pour faciliter","robots":{"index":"index","follow":"follow","max-snippet":"max-snippet:-1","max-image-preview":"max-image-preview:large","max-video-preview":"max-video-preview:-1"},"canonical":"https:\/\/www.facture.net\/blog\/definition\/versement-liberatoire-de-limpot-sur-le-revenu\/","og_locale":"fr_FR","og_type":"article","og_title":"Versement lib\u00e9ratoire de l'imp\u00f4t sur le revenu - Facture.net","og_description":"Qu'est-ce que le versement lib\u00e9ratoire de l'imp\u00f4t sur le revenu ? Le versement lib\u00e9ratoire est un r\u00e9gime propos\u00e9 aux micro-entrepreneurs pour faciliter","og_url":"https:\/\/www.facture.net\/blog\/definition\/versement-liberatoire-de-limpot-sur-le-revenu\/","og_site_name":"Facture.net","twitter_card":"summary_large_image","schema":{"@context":"https:\/\/schema.org","@graph":[{"@type":"WebPage","@id":"https:\/\/www.facture.net\/blog\/definition\/versement-liberatoire-de-limpot-sur-le-revenu\/","url":"https:\/\/www.facture.net\/blog\/definition\/versement-liberatoire-de-limpot-sur-le-revenu\/","name":"Versement lib\u00e9ratoire de l'imp\u00f4t sur le revenu - Facture.net","isPartOf":{"@id":"https:\/\/www.facture.net\/blog\/#website"},"datePublished":"2022-07-22T07:39:42+00:00","description":"Qu'est-ce que le versement lib\u00e9ratoire de l'imp\u00f4t sur le revenu ? Le versement lib\u00e9ratoire est un r\u00e9gime propos\u00e9 aux micro-entrepreneurs pour faciliter","breadcrumb":{"@id":"https:\/\/www.facture.net\/blog\/definition\/versement-liberatoire-de-limpot-sur-le-revenu\/#breadcrumb"},"inLanguage":"fr-FR","potentialAction":[{"@type":"ReadAction","target":["https:\/\/www.facture.net\/blog\/definition\/versement-liberatoire-de-limpot-sur-le-revenu\/"]}]},{"@type":"BreadcrumbList","@id":"https:\/\/www.facture.net\/blog\/definition\/versement-liberatoire-de-limpot-sur-le-revenu\/#breadcrumb","itemListElement":[{"@type":"ListItem","position":1,"name":"Blog","item":"https:\/\/www.facture.net\/blog\/"},{"@type":"ListItem","position":2,"name":"Toutes les d\u00e9finitions utiles pour votre gestion","item":"https:\/\/www.facture.net\/blog\/definition\/"},{"@type":"ListItem","position":3,"name":"Versement lib\u00e9ratoire de l&#8217;imp\u00f4t sur le revenu"}]},{"@type":"WebSite","@id":"https:\/\/www.facture.net\/blog\/#website","url":"https:\/\/www.facture.net\/blog\/","name":"Facture.net","description":"facture","publisher":{"@id":"https:\/\/www.facture.net\/blog\/#organization"},"potentialAction":[{"@type":"SearchAction","target":{"@type":"EntryPoint","urlTemplate":"https:\/\/www.facture.net\/blog\/?s={search_term_string}"},"query-input":{"@type":"PropertyValueSpecification","valueRequired":true,"valueName":"search_term_string"}}],"inLanguage":"fr-FR"},{"@type":"Organization","@id":"https:\/\/www.facture.net\/blog\/#organization","name":"Facture.net","url":"https:\/\/www.facture.net\/blog\/","logo":{"@type":"ImageObject","inLanguage":"fr-FR","@id":"https:\/\/www.facture.net\/blog\/#\/schema\/logo\/image\/","url":"https:\/\/www.facture.net\/blog\/wp-content\/uploads\/sites\/3\/2022\/07\/logo-facture.svg","contentUrl":"https:\/\/www.facture.net\/blog\/wp-content\/uploads\/sites\/3\/2022\/07\/logo-facture.svg","width":1,"height":1,"caption":"Facture.net"},"image":{"@id":"https:\/\/www.facture.net\/blog\/#\/schema\/logo\/image\/"}}]}},"_links":{"self":[{"href":"https:\/\/www.facture.net\/blog\/wp-json\/wp\/v2\/pages\/4176","targetHints":{"allow":["GET"]}}],"collection":[{"href":"https:\/\/www.facture.net\/blog\/wp-json\/wp\/v2\/pages"}],"about":[{"href":"https:\/\/www.facture.net\/blog\/wp-json\/wp\/v2\/types\/page"}],"author":[{"embeddable":true,"href":"https:\/\/www.facture.net\/blog\/wp-json\/wp\/v2\/users\/1"}],"replies":[{"embeddable":true,"href":"https:\/\/www.facture.net\/blog\/wp-json\/wp\/v2\/comments?post=4176"}],"version-history":[{"count":0,"href":"https:\/\/www.facture.net\/blog\/wp-json\/wp\/v2\/pages\/4176\/revisions"}],"up":[{"embeddable":true,"href":"https:\/\/www.facture.net\/blog\/wp-json\/wp\/v2\/pages\/3962"}],"wp:attachment":[{"href":"https:\/\/www.facture.net\/blog\/wp-json\/wp\/v2\/media?parent=4176"}],"curies":[{"name":"wp","href":"https:\/\/api.w.org\/{rel}","templated":true}]}}