{"id":4173,"date":"2022-07-22T09:39:23","date_gmt":"2022-07-22T07:39:23","guid":{"rendered":"https:\/\/www.facture.net\/blog\/?page_id=4173"},"modified":"2022-07-22T09:39:23","modified_gmt":"2022-07-22T07:39:23","slug":"seuil-de-rentabilite","status":"publish","type":"page","link":"https:\/\/www.facture.net\/blog\/definition\/seuil-de-rentabilite\/","title":{"rendered":"Seuil de rentabilit\u00e9"},"content":{"rendered":"<h2>Seuil de rentabilit\u00e9&nbsp;: d\u00e9finition<\/h2>\n<p>Le seuil de rentabilit\u00e9 correspond au minimum de chiffre d\u2019affaires \u00e0 atteindre pour assurer une rentabilit\u00e9 et couvrir toutes les charges de la soci\u00e9t\u00e9.<\/p>\n<p>Il se calcule selon la formule suivante:<\/p>\n<p><code><span class=\"su-highlight\">Seuil de rentabilit\u00e9 = Charges fixes annuelles \/ Taux de marge sur co\u00fbt variable\u00a0<\/span><\/code><\/p>\n<p><img decoding=\"async\" class=\"aligncenter size-full wp-image-1758\" src=\"https:\/\/www.facture.net\/blog\/wp-content\/uploads\/sites\/3\/2020\/10\/point-mort-1.jpg\" alt=\"seuil de rentabilit\u00e9 et point mort\" width=\"491\" height=\"430\" srcset=\"https:\/\/www.facture.net\/blog\/wp-content\/uploads\/sites\/3\/2020\/10\/point-mort-1.jpg 491w, https:\/\/www.facture.net\/blog\/wp-content\/uploads\/sites\/3\/2020\/10\/point-mort-1-300x263.jpg 300w, https:\/\/www.facture.net\/blog\/wp-content\/uploads\/sites\/3\/2020\/10\/point-mort-1-60x53.jpg 60w, https:\/\/www.facture.net\/blog\/wp-content\/uploads\/sites\/3\/2020\/10\/point-mort-1-370x324.jpg 370w, https:\/\/www.facture.net\/blog\/wp-content\/uploads\/sites\/3\/2020\/10\/point-mort-1-270x236.jpg 270w\" sizes=\"(max-width: 491px) 100vw, 491px\" \/><\/p>\n<h2>Pour en savoir plus sur le seuil de rentabilit\u00e9<\/h2>\n<p>Retrouvez la m\u00e9thode pr\u00e9cise pour calculer le seuil de rentabilit\u00e9, des exemples et des astuces pour l&#8217;am\u00e9liorer dans <a href=\"https:\/\/www.facture.net\/blog\/calculer-seuil-rentabilite-point-mort\/\">notre guide<\/a>.<\/p>\n","protected":false},"excerpt":{"rendered":"<p>Seuil de rentabilit\u00e9&nbsp;: d\u00e9finition Le seuil de rentabilit\u00e9 correspond au minimum de chiffre d\u2019affaires \u00e0 atteindre pour assurer une rentabilit\u00e9 et couvrir toutes les charges de la soci\u00e9t\u00e9. Il se calcule selon la formule suivante: Seuil de rentabilit\u00e9 = Charges fixes annuelles \/ Taux de marge sur co\u00fbt variable\u00a0 Pour en savoir plus sur le [&hellip;]<\/p>\n","protected":false},"author":1,"featured_media":0,"parent":3962,"menu_order":0,"comment_status":"closed","ping_status":"closed","template":"","meta":{"_acf_changed":false,"inline_featured_image":false,"footnotes":""},"class_list":["post-4173","page","type-page","status-publish","hentry"],"acf":[],"yoast_head":"<!-- This site is optimized with the Yoast SEO plugin v25.9 - https:\/\/yoast.com\/wordpress\/plugins\/seo\/ -->\n<title>Seuil de rentabilit\u00e9 - Facture.net<\/title>\n<meta name=\"description\" content=\"Seuil de rentabilit\u00e9 : d\u00e9finition Le seuil de rentabilit\u00e9 correspond au minimum de chiffre d\u2019affaires \u00e0 atteindre pour assurer une rentabilit\u00e9 et couvrir\" \/>\n<meta name=\"robots\" content=\"index, follow, max-snippet:-1, max-image-preview:large, max-video-preview:-1\" \/>\n<link rel=\"canonical\" href=\"https:\/\/www.facture.net\/blog\/definition\/seuil-de-rentabilite\/\" \/>\n<meta property=\"og:locale\" content=\"fr_FR\" \/>\n<meta property=\"og:type\" content=\"article\" \/>\n<meta property=\"og:title\" content=\"Seuil de rentabilit\u00e9 - Facture.net\" \/>\n<meta property=\"og:description\" content=\"Seuil de rentabilit\u00e9 : d\u00e9finition Le seuil de rentabilit\u00e9 correspond au minimum de chiffre d\u2019affaires \u00e0 atteindre pour assurer une rentabilit\u00e9 et couvrir\" \/>\n<meta property=\"og:url\" content=\"https:\/\/www.facture.net\/blog\/definition\/seuil-de-rentabilite\/\" \/>\n<meta property=\"og:site_name\" content=\"Facture.net\" \/>\n<meta property=\"og:image\" content=\"https:\/\/www.facture.net\/blog\/wp-content\/uploads\/sites\/3\/2020\/10\/point-mort-1.jpg\" \/>\n<meta name=\"twitter:card\" content=\"summary_large_image\" \/>\n<script type=\"application\/ld+json\" class=\"yoast-schema-graph\">{\"@context\":\"https:\/\/schema.org\",\"@graph\":[{\"@type\":\"WebPage\",\"@id\":\"https:\/\/www.facture.net\/blog\/definition\/seuil-de-rentabilite\/\",\"url\":\"https:\/\/www.facture.net\/blog\/definition\/seuil-de-rentabilite\/\",\"name\":\"Seuil de rentabilit\u00e9 - Facture.net\",\"isPartOf\":{\"@id\":\"https:\/\/www.facture.net\/blog\/#website\"},\"primaryImageOfPage\":{\"@id\":\"https:\/\/www.facture.net\/blog\/definition\/seuil-de-rentabilite\/#primaryimage\"},\"image\":{\"@id\":\"https:\/\/www.facture.net\/blog\/definition\/seuil-de-rentabilite\/#primaryimage\"},\"thumbnailUrl\":\"https:\/\/www.facture.net\/blog\/wp-content\/uploads\/sites\/3\/2020\/10\/point-mort-1.jpg\",\"datePublished\":\"2022-07-22T07:39:23+00:00\",\"description\":\"Seuil de rentabilit\u00e9 : d\u00e9finition Le seuil de rentabilit\u00e9 correspond au minimum de chiffre d\u2019affaires \u00e0 atteindre pour assurer une rentabilit\u00e9 et couvrir\",\"breadcrumb\":{\"@id\":\"https:\/\/www.facture.net\/blog\/definition\/seuil-de-rentabilite\/#breadcrumb\"},\"inLanguage\":\"fr-FR\",\"potentialAction\":[{\"@type\":\"ReadAction\",\"target\":[\"https:\/\/www.facture.net\/blog\/definition\/seuil-de-rentabilite\/\"]}]},{\"@type\":\"ImageObject\",\"inLanguage\":\"fr-FR\",\"@id\":\"https:\/\/www.facture.net\/blog\/definition\/seuil-de-rentabilite\/#primaryimage\",\"url\":\"https:\/\/www.facture.net\/blog\/wp-content\/uploads\/sites\/3\/2020\/10\/point-mort-1.jpg\",\"contentUrl\":\"https:\/\/www.facture.net\/blog\/wp-content\/uploads\/sites\/3\/2020\/10\/point-mort-1.jpg\",\"width\":491,\"height\":430,\"caption\":\"seuil de rentabilit\u00e9 et point mort\"},{\"@type\":\"BreadcrumbList\",\"@id\":\"https:\/\/www.facture.net\/blog\/definition\/seuil-de-rentabilite\/#breadcrumb\",\"itemListElement\":[{\"@type\":\"ListItem\",\"position\":1,\"name\":\"Blog\",\"item\":\"https:\/\/www.facture.net\/blog\/\"},{\"@type\":\"ListItem\",\"position\":2,\"name\":\"Toutes les d\u00e9finitions utiles pour votre gestion\",\"item\":\"https:\/\/www.facture.net\/blog\/definition\/\"},{\"@type\":\"ListItem\",\"position\":3,\"name\":\"Seuil de rentabilit\u00e9\"}]},{\"@type\":\"WebSite\",\"@id\":\"https:\/\/www.facture.net\/blog\/#website\",\"url\":\"https:\/\/www.facture.net\/blog\/\",\"name\":\"Facture.net\",\"description\":\"facture\",\"publisher\":{\"@id\":\"https:\/\/www.facture.net\/blog\/#organization\"},\"potentialAction\":[{\"@type\":\"SearchAction\",\"target\":{\"@type\":\"EntryPoint\",\"urlTemplate\":\"https:\/\/www.facture.net\/blog\/?s={search_term_string}\"},\"query-input\":{\"@type\":\"PropertyValueSpecification\",\"valueRequired\":true,\"valueName\":\"search_term_string\"}}],\"inLanguage\":\"fr-FR\"},{\"@type\":\"Organization\",\"@id\":\"https:\/\/www.facture.net\/blog\/#organization\",\"name\":\"Facture.net\",\"url\":\"https:\/\/www.facture.net\/blog\/\",\"logo\":{\"@type\":\"ImageObject\",\"inLanguage\":\"fr-FR\",\"@id\":\"https:\/\/www.facture.net\/blog\/#\/schema\/logo\/image\/\",\"url\":\"https:\/\/www.facture.net\/blog\/wp-content\/uploads\/sites\/3\/2022\/07\/logo-facture.svg\",\"contentUrl\":\"https:\/\/www.facture.net\/blog\/wp-content\/uploads\/sites\/3\/2022\/07\/logo-facture.svg\",\"width\":1,\"height\":1,\"caption\":\"Facture.net\"},\"image\":{\"@id\":\"https:\/\/www.facture.net\/blog\/#\/schema\/logo\/image\/\"}}]}<\/script>\n<!-- \/ Yoast SEO plugin. -->","yoast_head_json":{"title":"Seuil de rentabilit\u00e9 - Facture.net","description":"Seuil de rentabilit\u00e9 : d\u00e9finition Le seuil de rentabilit\u00e9 correspond au minimum de chiffre d\u2019affaires \u00e0 atteindre pour assurer une rentabilit\u00e9 et couvrir","robots":{"index":"index","follow":"follow","max-snippet":"max-snippet:-1","max-image-preview":"max-image-preview:large","max-video-preview":"max-video-preview:-1"},"canonical":"https:\/\/www.facture.net\/blog\/definition\/seuil-de-rentabilite\/","og_locale":"fr_FR","og_type":"article","og_title":"Seuil de rentabilit\u00e9 - Facture.net","og_description":"Seuil de rentabilit\u00e9 : d\u00e9finition Le seuil de rentabilit\u00e9 correspond au minimum de chiffre d\u2019affaires \u00e0 atteindre pour assurer une rentabilit\u00e9 et couvrir","og_url":"https:\/\/www.facture.net\/blog\/definition\/seuil-de-rentabilite\/","og_site_name":"Facture.net","og_image":[{"url":"https:\/\/www.facture.net\/blog\/wp-content\/uploads\/sites\/3\/2020\/10\/point-mort-1.jpg","type":"","width":"","height":""}],"twitter_card":"summary_large_image","schema":{"@context":"https:\/\/schema.org","@graph":[{"@type":"WebPage","@id":"https:\/\/www.facture.net\/blog\/definition\/seuil-de-rentabilite\/","url":"https:\/\/www.facture.net\/blog\/definition\/seuil-de-rentabilite\/","name":"Seuil de rentabilit\u00e9 - Facture.net","isPartOf":{"@id":"https:\/\/www.facture.net\/blog\/#website"},"primaryImageOfPage":{"@id":"https:\/\/www.facture.net\/blog\/definition\/seuil-de-rentabilite\/#primaryimage"},"image":{"@id":"https:\/\/www.facture.net\/blog\/definition\/seuil-de-rentabilite\/#primaryimage"},"thumbnailUrl":"https:\/\/www.facture.net\/blog\/wp-content\/uploads\/sites\/3\/2020\/10\/point-mort-1.jpg","datePublished":"2022-07-22T07:39:23+00:00","description":"Seuil de rentabilit\u00e9 : d\u00e9finition Le seuil de rentabilit\u00e9 correspond au minimum de chiffre d\u2019affaires \u00e0 atteindre pour assurer une rentabilit\u00e9 et couvrir","breadcrumb":{"@id":"https:\/\/www.facture.net\/blog\/definition\/seuil-de-rentabilite\/#breadcrumb"},"inLanguage":"fr-FR","potentialAction":[{"@type":"ReadAction","target":["https:\/\/www.facture.net\/blog\/definition\/seuil-de-rentabilite\/"]}]},{"@type":"ImageObject","inLanguage":"fr-FR","@id":"https:\/\/www.facture.net\/blog\/definition\/seuil-de-rentabilite\/#primaryimage","url":"https:\/\/www.facture.net\/blog\/wp-content\/uploads\/sites\/3\/2020\/10\/point-mort-1.jpg","contentUrl":"https:\/\/www.facture.net\/blog\/wp-content\/uploads\/sites\/3\/2020\/10\/point-mort-1.jpg","width":491,"height":430,"caption":"seuil de rentabilit\u00e9 et point mort"},{"@type":"BreadcrumbList","@id":"https:\/\/www.facture.net\/blog\/definition\/seuil-de-rentabilite\/#breadcrumb","itemListElement":[{"@type":"ListItem","position":1,"name":"Blog","item":"https:\/\/www.facture.net\/blog\/"},{"@type":"ListItem","position":2,"name":"Toutes les d\u00e9finitions utiles pour votre gestion","item":"https:\/\/www.facture.net\/blog\/definition\/"},{"@type":"ListItem","position":3,"name":"Seuil de rentabilit\u00e9"}]},{"@type":"WebSite","@id":"https:\/\/www.facture.net\/blog\/#website","url":"https:\/\/www.facture.net\/blog\/","name":"Facture.net","description":"facture","publisher":{"@id":"https:\/\/www.facture.net\/blog\/#organization"},"potentialAction":[{"@type":"SearchAction","target":{"@type":"EntryPoint","urlTemplate":"https:\/\/www.facture.net\/blog\/?s={search_term_string}"},"query-input":{"@type":"PropertyValueSpecification","valueRequired":true,"valueName":"search_term_string"}}],"inLanguage":"fr-FR"},{"@type":"Organization","@id":"https:\/\/www.facture.net\/blog\/#organization","name":"Facture.net","url":"https:\/\/www.facture.net\/blog\/","logo":{"@type":"ImageObject","inLanguage":"fr-FR","@id":"https:\/\/www.facture.net\/blog\/#\/schema\/logo\/image\/","url":"https:\/\/www.facture.net\/blog\/wp-content\/uploads\/sites\/3\/2022\/07\/logo-facture.svg","contentUrl":"https:\/\/www.facture.net\/blog\/wp-content\/uploads\/sites\/3\/2022\/07\/logo-facture.svg","width":1,"height":1,"caption":"Facture.net"},"image":{"@id":"https:\/\/www.facture.net\/blog\/#\/schema\/logo\/image\/"}}]}},"_links":{"self":[{"href":"https:\/\/www.facture.net\/blog\/wp-json\/wp\/v2\/pages\/4173","targetHints":{"allow":["GET"]}}],"collection":[{"href":"https:\/\/www.facture.net\/blog\/wp-json\/wp\/v2\/pages"}],"about":[{"href":"https:\/\/www.facture.net\/blog\/wp-json\/wp\/v2\/types\/page"}],"author":[{"embeddable":true,"href":"https:\/\/www.facture.net\/blog\/wp-json\/wp\/v2\/users\/1"}],"replies":[{"embeddable":true,"href":"https:\/\/www.facture.net\/blog\/wp-json\/wp\/v2\/comments?post=4173"}],"version-history":[{"count":0,"href":"https:\/\/www.facture.net\/blog\/wp-json\/wp\/v2\/pages\/4173\/revisions"}],"up":[{"embeddable":true,"href":"https:\/\/www.facture.net\/blog\/wp-json\/wp\/v2\/pages\/3962"}],"wp:attachment":[{"href":"https:\/\/www.facture.net\/blog\/wp-json\/wp\/v2\/media?parent=4173"}],"curies":[{"name":"wp","href":"https:\/\/api.w.org\/{rel}","templated":true}]}}