{"id":4168,"date":"2022-07-22T09:38:43","date_gmt":"2022-07-22T07:38:43","guid":{"rendered":"https:\/\/www.facture.net\/blog\/?page_id=4168"},"modified":"2022-07-22T09:38:43","modified_gmt":"2022-07-22T07:38:43","slug":"franchise","status":"publish","type":"page","link":"https:\/\/www.facture.net\/blog\/definition\/franchise\/","title":{"rendered":"Franchise"},"content":{"rendered":"<h2>Qu&#8217;est-ce qu&#8217;une franchise&nbsp;?<\/h2>\n<p>Il s\u2019agit d\u2019un <strong>partenariat entre deux entrepreneurs<\/strong>&nbsp;: le franchiseur et le franchis\u00e9.<\/p>\n<ul>\n<li>Le <strong>franchis\u00e9<\/strong> peut <strong>exploiter un concept ou une marque<\/strong> qui conna\u00eet d\u00e9j\u00e0 une grande renomm\u00e9e et il b\u00e9n\u00e9ficie en m\u00eame temps d\u2019un accompagnement pour d\u00e9marrer son activit\u00e9.<\/li>\n<li>Le <strong>franchiseur<\/strong> quant \u00e0 lui est <strong>r\u00e9mun\u00e9r\u00e9 en \u00e9change de sa marque, de son assistance et du partage de son exp\u00e9rience<\/strong> aupr\u00e8s du franchis\u00e9.<\/li>\n<\/ul>\n<p>Les grandes marques comme Sephora, Subway ou encore Mc Donald\u2019s se d\u00e9veloppent de cette fa\u00e7on en ouvrant des enseignes dans les villes \u00e0 travers la France, l\u2019Europe et m\u00eame dans le monde.<\/p>\n","protected":false},"excerpt":{"rendered":"<p>Qu&#8217;est-ce qu&#8217;une franchise&nbsp;? Il s\u2019agit d\u2019un partenariat entre deux entrepreneurs&nbsp;: le franchiseur et le franchis\u00e9. Le franchis\u00e9 peut exploiter un concept ou une marque qui conna\u00eet d\u00e9j\u00e0 une grande renomm\u00e9e et il b\u00e9n\u00e9ficie en m\u00eame temps d\u2019un accompagnement pour d\u00e9marrer son activit\u00e9. Le franchiseur quant \u00e0 lui est r\u00e9mun\u00e9r\u00e9 en \u00e9change de sa marque, de [&hellip;]<\/p>\n","protected":false},"author":1,"featured_media":0,"parent":3962,"menu_order":0,"comment_status":"closed","ping_status":"closed","template":"","meta":{"_acf_changed":false,"inline_featured_image":false,"footnotes":""},"class_list":["post-4168","page","type-page","status-publish","hentry"],"acf":[],"yoast_head":"<!-- This site is optimized with the Yoast SEO plugin v25.9 - https:\/\/yoast.com\/wordpress\/plugins\/seo\/ -->\n<title>Franchise - Facture.net<\/title>\n<meta name=\"description\" content=\"Qu&#039;est-ce qu&#039;une franchise ? Il s\u2019agit d\u2019un partenariat entre deux entrepreneurs : le franchiseur et le franchis\u00e9. Le franchis\u00e9 peut exploiter un concept\" \/>\n<meta name=\"robots\" content=\"index, follow, max-snippet:-1, max-image-preview:large, max-video-preview:-1\" \/>\n<link rel=\"canonical\" href=\"https:\/\/www.facture.net\/blog\/definition\/franchise\/\" \/>\n<meta property=\"og:locale\" content=\"fr_FR\" \/>\n<meta property=\"og:type\" content=\"article\" \/>\n<meta property=\"og:title\" content=\"Franchise - Facture.net\" \/>\n<meta property=\"og:description\" content=\"Qu&#039;est-ce qu&#039;une franchise ? Il s\u2019agit d\u2019un partenariat entre deux entrepreneurs : le franchiseur et le franchis\u00e9. Le franchis\u00e9 peut exploiter un concept\" \/>\n<meta property=\"og:url\" content=\"https:\/\/www.facture.net\/blog\/definition\/franchise\/\" \/>\n<meta property=\"og:site_name\" content=\"Facture.net\" \/>\n<meta name=\"twitter:card\" content=\"summary_large_image\" \/>\n<meta name=\"twitter:label1\" content=\"Dur\u00e9e de lecture estim\u00e9e\" \/>\n\t<meta name=\"twitter:data1\" content=\"1 minute\" \/>\n<script type=\"application\/ld+json\" class=\"yoast-schema-graph\">{\"@context\":\"https:\/\/schema.org\",\"@graph\":[{\"@type\":\"WebPage\",\"@id\":\"https:\/\/www.facture.net\/blog\/definition\/franchise\/\",\"url\":\"https:\/\/www.facture.net\/blog\/definition\/franchise\/\",\"name\":\"Franchise - Facture.net\",\"isPartOf\":{\"@id\":\"https:\/\/www.facture.net\/blog\/#website\"},\"datePublished\":\"2022-07-22T07:38:43+00:00\",\"description\":\"Qu'est-ce qu'une franchise ? Il s\u2019agit d\u2019un partenariat entre deux entrepreneurs : le franchiseur et le franchis\u00e9. Le franchis\u00e9 peut exploiter un concept\",\"breadcrumb\":{\"@id\":\"https:\/\/www.facture.net\/blog\/definition\/franchise\/#breadcrumb\"},\"inLanguage\":\"fr-FR\",\"potentialAction\":[{\"@type\":\"ReadAction\",\"target\":[\"https:\/\/www.facture.net\/blog\/definition\/franchise\/\"]}]},{\"@type\":\"BreadcrumbList\",\"@id\":\"https:\/\/www.facture.net\/blog\/definition\/franchise\/#breadcrumb\",\"itemListElement\":[{\"@type\":\"ListItem\",\"position\":1,\"name\":\"Blog\",\"item\":\"https:\/\/www.facture.net\/blog\/\"},{\"@type\":\"ListItem\",\"position\":2,\"name\":\"Toutes les d\u00e9finitions utiles pour votre gestion\",\"item\":\"https:\/\/www.facture.net\/blog\/definition\/\"},{\"@type\":\"ListItem\",\"position\":3,\"name\":\"Franchise\"}]},{\"@type\":\"WebSite\",\"@id\":\"https:\/\/www.facture.net\/blog\/#website\",\"url\":\"https:\/\/www.facture.net\/blog\/\",\"name\":\"Facture.net\",\"description\":\"facture\",\"publisher\":{\"@id\":\"https:\/\/www.facture.net\/blog\/#organization\"},\"potentialAction\":[{\"@type\":\"SearchAction\",\"target\":{\"@type\":\"EntryPoint\",\"urlTemplate\":\"https:\/\/www.facture.net\/blog\/?s={search_term_string}\"},\"query-input\":{\"@type\":\"PropertyValueSpecification\",\"valueRequired\":true,\"valueName\":\"search_term_string\"}}],\"inLanguage\":\"fr-FR\"},{\"@type\":\"Organization\",\"@id\":\"https:\/\/www.facture.net\/blog\/#organization\",\"name\":\"Facture.net\",\"url\":\"https:\/\/www.facture.net\/blog\/\",\"logo\":{\"@type\":\"ImageObject\",\"inLanguage\":\"fr-FR\",\"@id\":\"https:\/\/www.facture.net\/blog\/#\/schema\/logo\/image\/\",\"url\":\"https:\/\/www.facture.net\/blog\/wp-content\/uploads\/sites\/3\/2022\/07\/logo-facture.svg\",\"contentUrl\":\"https:\/\/www.facture.net\/blog\/wp-content\/uploads\/sites\/3\/2022\/07\/logo-facture.svg\",\"width\":1,\"height\":1,\"caption\":\"Facture.net\"},\"image\":{\"@id\":\"https:\/\/www.facture.net\/blog\/#\/schema\/logo\/image\/\"}}]}<\/script>\n<!-- \/ Yoast SEO plugin. -->","yoast_head_json":{"title":"Franchise - Facture.net","description":"Qu'est-ce qu'une franchise ? Il s\u2019agit d\u2019un partenariat entre deux entrepreneurs : le franchiseur et le franchis\u00e9. Le franchis\u00e9 peut exploiter un concept","robots":{"index":"index","follow":"follow","max-snippet":"max-snippet:-1","max-image-preview":"max-image-preview:large","max-video-preview":"max-video-preview:-1"},"canonical":"https:\/\/www.facture.net\/blog\/definition\/franchise\/","og_locale":"fr_FR","og_type":"article","og_title":"Franchise - Facture.net","og_description":"Qu'est-ce qu'une franchise ? Il s\u2019agit d\u2019un partenariat entre deux entrepreneurs : le franchiseur et le franchis\u00e9. Le franchis\u00e9 peut exploiter un concept","og_url":"https:\/\/www.facture.net\/blog\/definition\/franchise\/","og_site_name":"Facture.net","twitter_card":"summary_large_image","twitter_misc":{"Dur\u00e9e de lecture estim\u00e9e":"1 minute"},"schema":{"@context":"https:\/\/schema.org","@graph":[{"@type":"WebPage","@id":"https:\/\/www.facture.net\/blog\/definition\/franchise\/","url":"https:\/\/www.facture.net\/blog\/definition\/franchise\/","name":"Franchise - Facture.net","isPartOf":{"@id":"https:\/\/www.facture.net\/blog\/#website"},"datePublished":"2022-07-22T07:38:43+00:00","description":"Qu'est-ce qu'une franchise ? Il s\u2019agit d\u2019un partenariat entre deux entrepreneurs : le franchiseur et le franchis\u00e9. Le franchis\u00e9 peut exploiter un concept","breadcrumb":{"@id":"https:\/\/www.facture.net\/blog\/definition\/franchise\/#breadcrumb"},"inLanguage":"fr-FR","potentialAction":[{"@type":"ReadAction","target":["https:\/\/www.facture.net\/blog\/definition\/franchise\/"]}]},{"@type":"BreadcrumbList","@id":"https:\/\/www.facture.net\/blog\/definition\/franchise\/#breadcrumb","itemListElement":[{"@type":"ListItem","position":1,"name":"Blog","item":"https:\/\/www.facture.net\/blog\/"},{"@type":"ListItem","position":2,"name":"Toutes les d\u00e9finitions utiles pour votre gestion","item":"https:\/\/www.facture.net\/blog\/definition\/"},{"@type":"ListItem","position":3,"name":"Franchise"}]},{"@type":"WebSite","@id":"https:\/\/www.facture.net\/blog\/#website","url":"https:\/\/www.facture.net\/blog\/","name":"Facture.net","description":"facture","publisher":{"@id":"https:\/\/www.facture.net\/blog\/#organization"},"potentialAction":[{"@type":"SearchAction","target":{"@type":"EntryPoint","urlTemplate":"https:\/\/www.facture.net\/blog\/?s={search_term_string}"},"query-input":{"@type":"PropertyValueSpecification","valueRequired":true,"valueName":"search_term_string"}}],"inLanguage":"fr-FR"},{"@type":"Organization","@id":"https:\/\/www.facture.net\/blog\/#organization","name":"Facture.net","url":"https:\/\/www.facture.net\/blog\/","logo":{"@type":"ImageObject","inLanguage":"fr-FR","@id":"https:\/\/www.facture.net\/blog\/#\/schema\/logo\/image\/","url":"https:\/\/www.facture.net\/blog\/wp-content\/uploads\/sites\/3\/2022\/07\/logo-facture.svg","contentUrl":"https:\/\/www.facture.net\/blog\/wp-content\/uploads\/sites\/3\/2022\/07\/logo-facture.svg","width":1,"height":1,"caption":"Facture.net"},"image":{"@id":"https:\/\/www.facture.net\/blog\/#\/schema\/logo\/image\/"}}]}},"_links":{"self":[{"href":"https:\/\/www.facture.net\/blog\/wp-json\/wp\/v2\/pages\/4168","targetHints":{"allow":["GET"]}}],"collection":[{"href":"https:\/\/www.facture.net\/blog\/wp-json\/wp\/v2\/pages"}],"about":[{"href":"https:\/\/www.facture.net\/blog\/wp-json\/wp\/v2\/types\/page"}],"author":[{"embeddable":true,"href":"https:\/\/www.facture.net\/blog\/wp-json\/wp\/v2\/users\/1"}],"replies":[{"embeddable":true,"href":"https:\/\/www.facture.net\/blog\/wp-json\/wp\/v2\/comments?post=4168"}],"version-history":[{"count":0,"href":"https:\/\/www.facture.net\/blog\/wp-json\/wp\/v2\/pages\/4168\/revisions"}],"up":[{"embeddable":true,"href":"https:\/\/www.facture.net\/blog\/wp-json\/wp\/v2\/pages\/3962"}],"wp:attachment":[{"href":"https:\/\/www.facture.net\/blog\/wp-json\/wp\/v2\/media?parent=4168"}],"curies":[{"name":"wp","href":"https:\/\/api.w.org\/{rel}","templated":true}]}}