{"id":4166,"date":"2022-07-22T09:38:20","date_gmt":"2022-07-22T07:38:20","guid":{"rendered":"https:\/\/www.facture.net\/blog\/?page_id=4166"},"modified":"2022-07-22T09:38:20","modified_gmt":"2022-07-22T07:38:20","slug":"facture-avoir","status":"publish","type":"page","link":"https:\/\/www.facture.net\/blog\/definition\/facture-avoir\/","title":{"rendered":"Avoir, facture d&#8217;avoir, note de cr\u00e9dit"},"content":{"rendered":"<h2>Avoir, facture d&#8217;avoir, note de cr\u00e9dit&nbsp;: qu&#8217;est-ce que c&#8217;est&nbsp;?<\/h2>\n<p>Un avoir, \u00e9galement appel\u00e9 facture d&#8217;avoir ou note de cr\u00e9dit, est un document permettant d&#8217;<a href=\"https:\/\/www.facture.net\/blog\/supprimer-annuler-facture\/\">annuler<\/a> ou de <a href=\"https:\/\/www.facture.net\/blog\/comment-rectifier-une-facture-en-cas-derreur\/\">corriger une facture<\/a> pr\u00e9alablement \u00e9tablie. Il est utilis\u00e9 par les vendeurs pour&nbsp;:<\/p>\n<ul>\n<li>corriger des factures au montant trop important,<\/li>\n<li>ou pour rembourser un achat au client.<\/li>\n<\/ul>\n<p><strong>L&#8217;avoir permet ainsi d&#8217;enregistrer comptablement le remboursement total ou partiel d&#8217;une facture.<\/strong><\/p>\n<h2 dir=\"ltr\">Comment cr\u00e9er une facture d&#8217;avoir&nbsp;?<\/h2>\n<p dir=\"ltr\">Une facture d&#8217;avoir se cr\u00e9e de la m\u00eame mani\u00e8re qu&#8217;un facture, et doit mentionner les m\u00eames informations. Retrouvez le d\u00e9tail des informations \u00e0 y indiquer dans <a href=\"https:\/\/www.facture.net\/blog\/facture-avoir\/\">ce dossier sp\u00e9cial<\/a>.<\/p>\n<p dir=\"ltr\"><a href=\"https:\/\/www.facture.net\/\">Facture.net<\/a> vous permet de <strong>cr\u00e9er vos devis, factures et avoirs<\/strong>, mais aussi de <strong>g\u00e9rer vos opportunit\u00e9s commerciales<\/strong> depuis une seule et m\u00eame interface. En plus, la plateforme est <strong>enti\u00e8rement gratuite<\/strong> (et le restera toujours)&nbsp;!<\/p>\n\n<div class=\"wp-block-button aligncenter is-style-squared\"><a class=\"wp-block-button__link\" href=\"https:\/\/www.facture.net\/signup\">Cr\u00e9ez un compte<\/a><\/div>\n","protected":false},"excerpt":{"rendered":"<p>Avoir, facture d&#8217;avoir, note de cr\u00e9dit&nbsp;: qu&#8217;est-ce que c&#8217;est&nbsp;? Un avoir, \u00e9galement appel\u00e9 facture d&#8217;avoir ou note de cr\u00e9dit, est un document permettant d&#8217;annuler ou de corriger une facture pr\u00e9alablement \u00e9tablie. Il est utilis\u00e9 par les vendeurs pour&nbsp;: corriger des factures au montant trop important, ou pour rembourser un achat au client. L&#8217;avoir permet ainsi [&hellip;]<\/p>\n","protected":false},"author":1,"featured_media":0,"parent":3962,"menu_order":0,"comment_status":"closed","ping_status":"closed","template":"","meta":{"_acf_changed":false,"inline_featured_image":false,"footnotes":""},"class_list":["post-4166","page","type-page","status-publish","hentry"],"acf":[],"yoast_head":"<!-- This site is optimized with the Yoast SEO plugin v25.9 - https:\/\/yoast.com\/wordpress\/plugins\/seo\/ -->\n<title>Avoir, facture d&#039;avoir, note de cr\u00e9dit - Facture.net<\/title>\n<meta name=\"description\" content=\"Avoir, facture d&#039;avoir, note de cr\u00e9dit : qu&#039;est-ce que c&#039;est ? Un avoir, \u00e9galement appel\u00e9 facture d&#039;avoir ou note de cr\u00e9dit, est un document permettant\" \/>\n<meta name=\"robots\" content=\"index, follow, max-snippet:-1, max-image-preview:large, max-video-preview:-1\" \/>\n<link rel=\"canonical\" href=\"https:\/\/www.facture.net\/blog\/definition\/facture-avoir\/\" \/>\n<meta property=\"og:locale\" content=\"fr_FR\" \/>\n<meta property=\"og:type\" content=\"article\" \/>\n<meta property=\"og:title\" content=\"Avoir, facture d&#039;avoir, note de cr\u00e9dit - Facture.net\" \/>\n<meta property=\"og:description\" content=\"Avoir, facture d&#039;avoir, note de cr\u00e9dit : qu&#039;est-ce que c&#039;est ? Un avoir, \u00e9galement appel\u00e9 facture d&#039;avoir ou note de cr\u00e9dit, est un document permettant\" \/>\n<meta property=\"og:url\" content=\"https:\/\/www.facture.net\/blog\/definition\/facture-avoir\/\" \/>\n<meta property=\"og:site_name\" content=\"Facture.net\" \/>\n<meta name=\"twitter:card\" content=\"summary_large_image\" \/>\n<meta name=\"twitter:label1\" content=\"Dur\u00e9e de lecture estim\u00e9e\" \/>\n\t<meta name=\"twitter:data1\" content=\"1 minute\" \/>\n<script type=\"application\/ld+json\" class=\"yoast-schema-graph\">{\"@context\":\"https:\/\/schema.org\",\"@graph\":[{\"@type\":\"WebPage\",\"@id\":\"https:\/\/www.facture.net\/blog\/definition\/facture-avoir\/\",\"url\":\"https:\/\/www.facture.net\/blog\/definition\/facture-avoir\/\",\"name\":\"Avoir, facture d'avoir, note de cr\u00e9dit - Facture.net\",\"isPartOf\":{\"@id\":\"https:\/\/www.facture.net\/blog\/#website\"},\"datePublished\":\"2022-07-22T07:38:20+00:00\",\"description\":\"Avoir, facture d'avoir, note de cr\u00e9dit : qu'est-ce que c'est ? Un avoir, \u00e9galement appel\u00e9 facture d'avoir ou note de cr\u00e9dit, est un document permettant\",\"breadcrumb\":{\"@id\":\"https:\/\/www.facture.net\/blog\/definition\/facture-avoir\/#breadcrumb\"},\"inLanguage\":\"fr-FR\",\"potentialAction\":[{\"@type\":\"ReadAction\",\"target\":[\"https:\/\/www.facture.net\/blog\/definition\/facture-avoir\/\"]}]},{\"@type\":\"BreadcrumbList\",\"@id\":\"https:\/\/www.facture.net\/blog\/definition\/facture-avoir\/#breadcrumb\",\"itemListElement\":[{\"@type\":\"ListItem\",\"position\":1,\"name\":\"Blog\",\"item\":\"https:\/\/www.facture.net\/blog\/\"},{\"@type\":\"ListItem\",\"position\":2,\"name\":\"Toutes les d\u00e9finitions utiles pour votre gestion\",\"item\":\"https:\/\/www.facture.net\/blog\/definition\/\"},{\"@type\":\"ListItem\",\"position\":3,\"name\":\"Avoir, facture d&#8217;avoir, note de cr\u00e9dit\"}]},{\"@type\":\"WebSite\",\"@id\":\"https:\/\/www.facture.net\/blog\/#website\",\"url\":\"https:\/\/www.facture.net\/blog\/\",\"name\":\"Facture.net\",\"description\":\"facture\",\"publisher\":{\"@id\":\"https:\/\/www.facture.net\/blog\/#organization\"},\"potentialAction\":[{\"@type\":\"SearchAction\",\"target\":{\"@type\":\"EntryPoint\",\"urlTemplate\":\"https:\/\/www.facture.net\/blog\/?s={search_term_string}\"},\"query-input\":{\"@type\":\"PropertyValueSpecification\",\"valueRequired\":true,\"valueName\":\"search_term_string\"}}],\"inLanguage\":\"fr-FR\"},{\"@type\":\"Organization\",\"@id\":\"https:\/\/www.facture.net\/blog\/#organization\",\"name\":\"Facture.net\",\"url\":\"https:\/\/www.facture.net\/blog\/\",\"logo\":{\"@type\":\"ImageObject\",\"inLanguage\":\"fr-FR\",\"@id\":\"https:\/\/www.facture.net\/blog\/#\/schema\/logo\/image\/\",\"url\":\"https:\/\/www.facture.net\/blog\/wp-content\/uploads\/sites\/3\/2022\/07\/logo-facture.svg\",\"contentUrl\":\"https:\/\/www.facture.net\/blog\/wp-content\/uploads\/sites\/3\/2022\/07\/logo-facture.svg\",\"width\":1,\"height\":1,\"caption\":\"Facture.net\"},\"image\":{\"@id\":\"https:\/\/www.facture.net\/blog\/#\/schema\/logo\/image\/\"}}]}<\/script>\n<!-- \/ Yoast SEO plugin. -->","yoast_head_json":{"title":"Avoir, facture d'avoir, note de cr\u00e9dit - Facture.net","description":"Avoir, facture d'avoir, note de cr\u00e9dit : qu'est-ce que c'est ? Un avoir, \u00e9galement appel\u00e9 facture d'avoir ou note de cr\u00e9dit, est un document permettant","robots":{"index":"index","follow":"follow","max-snippet":"max-snippet:-1","max-image-preview":"max-image-preview:large","max-video-preview":"max-video-preview:-1"},"canonical":"https:\/\/www.facture.net\/blog\/definition\/facture-avoir\/","og_locale":"fr_FR","og_type":"article","og_title":"Avoir, facture d'avoir, note de cr\u00e9dit - Facture.net","og_description":"Avoir, facture d'avoir, note de cr\u00e9dit : qu'est-ce que c'est ? Un avoir, \u00e9galement appel\u00e9 facture d'avoir ou note de cr\u00e9dit, est un document permettant","og_url":"https:\/\/www.facture.net\/blog\/definition\/facture-avoir\/","og_site_name":"Facture.net","twitter_card":"summary_large_image","twitter_misc":{"Dur\u00e9e de lecture estim\u00e9e":"1 minute"},"schema":{"@context":"https:\/\/schema.org","@graph":[{"@type":"WebPage","@id":"https:\/\/www.facture.net\/blog\/definition\/facture-avoir\/","url":"https:\/\/www.facture.net\/blog\/definition\/facture-avoir\/","name":"Avoir, facture d'avoir, note de cr\u00e9dit - Facture.net","isPartOf":{"@id":"https:\/\/www.facture.net\/blog\/#website"},"datePublished":"2022-07-22T07:38:20+00:00","description":"Avoir, facture d'avoir, note de cr\u00e9dit : qu'est-ce que c'est ? Un avoir, \u00e9galement appel\u00e9 facture d'avoir ou note de cr\u00e9dit, est un document permettant","breadcrumb":{"@id":"https:\/\/www.facture.net\/blog\/definition\/facture-avoir\/#breadcrumb"},"inLanguage":"fr-FR","potentialAction":[{"@type":"ReadAction","target":["https:\/\/www.facture.net\/blog\/definition\/facture-avoir\/"]}]},{"@type":"BreadcrumbList","@id":"https:\/\/www.facture.net\/blog\/definition\/facture-avoir\/#breadcrumb","itemListElement":[{"@type":"ListItem","position":1,"name":"Blog","item":"https:\/\/www.facture.net\/blog\/"},{"@type":"ListItem","position":2,"name":"Toutes les d\u00e9finitions utiles pour votre gestion","item":"https:\/\/www.facture.net\/blog\/definition\/"},{"@type":"ListItem","position":3,"name":"Avoir, facture d&#8217;avoir, note de cr\u00e9dit"}]},{"@type":"WebSite","@id":"https:\/\/www.facture.net\/blog\/#website","url":"https:\/\/www.facture.net\/blog\/","name":"Facture.net","description":"facture","publisher":{"@id":"https:\/\/www.facture.net\/blog\/#organization"},"potentialAction":[{"@type":"SearchAction","target":{"@type":"EntryPoint","urlTemplate":"https:\/\/www.facture.net\/blog\/?s={search_term_string}"},"query-input":{"@type":"PropertyValueSpecification","valueRequired":true,"valueName":"search_term_string"}}],"inLanguage":"fr-FR"},{"@type":"Organization","@id":"https:\/\/www.facture.net\/blog\/#organization","name":"Facture.net","url":"https:\/\/www.facture.net\/blog\/","logo":{"@type":"ImageObject","inLanguage":"fr-FR","@id":"https:\/\/www.facture.net\/blog\/#\/schema\/logo\/image\/","url":"https:\/\/www.facture.net\/blog\/wp-content\/uploads\/sites\/3\/2022\/07\/logo-facture.svg","contentUrl":"https:\/\/www.facture.net\/blog\/wp-content\/uploads\/sites\/3\/2022\/07\/logo-facture.svg","width":1,"height":1,"caption":"Facture.net"},"image":{"@id":"https:\/\/www.facture.net\/blog\/#\/schema\/logo\/image\/"}}]}},"_links":{"self":[{"href":"https:\/\/www.facture.net\/blog\/wp-json\/wp\/v2\/pages\/4166","targetHints":{"allow":["GET"]}}],"collection":[{"href":"https:\/\/www.facture.net\/blog\/wp-json\/wp\/v2\/pages"}],"about":[{"href":"https:\/\/www.facture.net\/blog\/wp-json\/wp\/v2\/types\/page"}],"author":[{"embeddable":true,"href":"https:\/\/www.facture.net\/blog\/wp-json\/wp\/v2\/users\/1"}],"replies":[{"embeddable":true,"href":"https:\/\/www.facture.net\/blog\/wp-json\/wp\/v2\/comments?post=4166"}],"version-history":[{"count":0,"href":"https:\/\/www.facture.net\/blog\/wp-json\/wp\/v2\/pages\/4166\/revisions"}],"up":[{"embeddable":true,"href":"https:\/\/www.facture.net\/blog\/wp-json\/wp\/v2\/pages\/3962"}],"wp:attachment":[{"href":"https:\/\/www.facture.net\/blog\/wp-json\/wp\/v2\/media?parent=4166"}],"curies":[{"name":"wp","href":"https:\/\/api.w.org\/{rel}","templated":true}]}}