{"id":4163,"date":"2022-07-22T09:37:52","date_gmt":"2022-07-22T07:37:52","guid":{"rendered":"https:\/\/www.facture.net\/blog\/?page_id=4163"},"modified":"2022-07-22T09:37:52","modified_gmt":"2022-07-22T07:37:52","slug":"facture-acompte","status":"publish","type":"page","link":"https:\/\/www.facture.net\/blog\/definition\/facture-acompte\/","title":{"rendered":"Facture d&#8217;acompte"},"content":{"rendered":"<h2>Qu&#8217;est-ce qu&#8217;une facture d&#8217;acompte&nbsp;?<\/h2>\nUne facture d&#8217;acompte fait suite \u00e0 la <a href=\"https:\/\/www.facture.net\/blog\/devis-signe-revenir-sur-son-accord\/\">signature d&#8217;un devis<\/a>. Elle permet d&#8217;obtenir un paiement du client avant la livraison finale de la prestation ou du produit.\n<blockquote>La facture d&#8217;acompte n&#8217;est pas consid\u00e9r\u00e9e comme une facture classique, et n&#8217;a donc pas la m\u00eame <a href=\"https:\/\/www.facture.net\/blog\/regles-de-numerotation-de-facture\/\">num\u00e9rotation<\/a> qu&#8217;une facture.<\/blockquote>\n<h2>Comment faire une facture d&#8217;acompte&nbsp;?<\/h2>\n\n\nRetrouvez toutes les informations n\u00e9cessaires \u00e0 la cr\u00e9ation d&#8217;une facture d&#8217;acompte sur <a href=\"https:\/\/www.facture.net\/blog\/facture-d-acompte\/\">cet article<\/a>.\n\n\n\n<strong>Vous pouvez \u00e9galement cr\u00e9er des factures d&#8217;acompte facilement et gratuitement sur <a href=\"https:\/\/www.facture.net\/\">Facture.net<\/a>, le logiciel de facturation et CRM 100% gratuit.<\/strong> Inscrivez-vous d\u00e8s aujourd&#8217;hui&nbsp;!\n\n\n<div class=\"wp-block-button aligncenter is-style-squared\"><a class=\"wp-block-button__link\" href=\"https:\/\/www.facture.net\/signup\">Cr\u00e9ez un compte<\/a><\/div>\n","protected":false},"excerpt":{"rendered":"<p>Qu&#8217;est-ce qu&#8217;une facture d&#8217;acompte&nbsp;? Une facture d&#8217;acompte fait suite \u00e0 la signature d&#8217;un devis. Elle permet d&#8217;obtenir un paiement du client avant la livraison finale de la prestation ou du produit. La facture d&#8217;acompte n&#8217;est pas consid\u00e9r\u00e9e comme une facture classique, et n&#8217;a donc pas la m\u00eame num\u00e9rotation qu&#8217;une facture. Comment faire une facture d&#8217;acompte&nbsp;? [&hellip;]<\/p>\n","protected":false},"author":1,"featured_media":0,"parent":3962,"menu_order":0,"comment_status":"closed","ping_status":"closed","template":"","meta":{"_acf_changed":false,"inline_featured_image":false,"footnotes":""},"class_list":["post-4163","page","type-page","status-publish","hentry"],"acf":[],"yoast_head":"<!-- This site is optimized with the Yoast SEO plugin v25.9 - https:\/\/yoast.com\/wordpress\/plugins\/seo\/ -->\n<title>Facture d&#039;acompte - Facture.net<\/title>\n<meta name=\"description\" content=\"Qu&#039;est-ce qu&#039;une facture d&#039;acompte ? Une facture d&#039;acompte fait suite \u00e0 la signature d&#039;un devis. Elle permet d&#039;obtenir un paiement du client avant la\" \/>\n<meta name=\"robots\" content=\"index, follow, max-snippet:-1, max-image-preview:large, max-video-preview:-1\" \/>\n<link rel=\"canonical\" href=\"https:\/\/www.facture.net\/blog\/definition\/facture-acompte\/\" \/>\n<meta property=\"og:locale\" content=\"fr_FR\" \/>\n<meta property=\"og:type\" content=\"article\" \/>\n<meta property=\"og:title\" content=\"Facture d&#039;acompte - Facture.net\" \/>\n<meta property=\"og:description\" content=\"Qu&#039;est-ce qu&#039;une facture d&#039;acompte ? Une facture d&#039;acompte fait suite \u00e0 la signature d&#039;un devis. Elle permet d&#039;obtenir un paiement du client avant la\" \/>\n<meta property=\"og:url\" content=\"https:\/\/www.facture.net\/blog\/definition\/facture-acompte\/\" \/>\n<meta property=\"og:site_name\" content=\"Facture.net\" \/>\n<meta name=\"twitter:card\" content=\"summary_large_image\" \/>\n<meta name=\"twitter:label1\" content=\"Dur\u00e9e de lecture estim\u00e9e\" \/>\n\t<meta name=\"twitter:data1\" content=\"1 minute\" \/>\n<script type=\"application\/ld+json\" class=\"yoast-schema-graph\">{\"@context\":\"https:\/\/schema.org\",\"@graph\":[{\"@type\":\"WebPage\",\"@id\":\"https:\/\/www.facture.net\/blog\/definition\/facture-acompte\/\",\"url\":\"https:\/\/www.facture.net\/blog\/definition\/facture-acompte\/\",\"name\":\"Facture d'acompte - Facture.net\",\"isPartOf\":{\"@id\":\"https:\/\/www.facture.net\/blog\/#website\"},\"datePublished\":\"2022-07-22T07:37:52+00:00\",\"description\":\"Qu'est-ce qu'une facture d'acompte ? Une facture d'acompte fait suite \u00e0 la signature d'un devis. Elle permet d'obtenir un paiement du client avant la\",\"breadcrumb\":{\"@id\":\"https:\/\/www.facture.net\/blog\/definition\/facture-acompte\/#breadcrumb\"},\"inLanguage\":\"fr-FR\",\"potentialAction\":[{\"@type\":\"ReadAction\",\"target\":[\"https:\/\/www.facture.net\/blog\/definition\/facture-acompte\/\"]}]},{\"@type\":\"BreadcrumbList\",\"@id\":\"https:\/\/www.facture.net\/blog\/definition\/facture-acompte\/#breadcrumb\",\"itemListElement\":[{\"@type\":\"ListItem\",\"position\":1,\"name\":\"Blog\",\"item\":\"https:\/\/www.facture.net\/blog\/\"},{\"@type\":\"ListItem\",\"position\":2,\"name\":\"Toutes les d\u00e9finitions utiles pour votre gestion\",\"item\":\"https:\/\/www.facture.net\/blog\/definition\/\"},{\"@type\":\"ListItem\",\"position\":3,\"name\":\"Facture d&#8217;acompte\"}]},{\"@type\":\"WebSite\",\"@id\":\"https:\/\/www.facture.net\/blog\/#website\",\"url\":\"https:\/\/www.facture.net\/blog\/\",\"name\":\"Facture.net\",\"description\":\"facture\",\"publisher\":{\"@id\":\"https:\/\/www.facture.net\/blog\/#organization\"},\"potentialAction\":[{\"@type\":\"SearchAction\",\"target\":{\"@type\":\"EntryPoint\",\"urlTemplate\":\"https:\/\/www.facture.net\/blog\/?s={search_term_string}\"},\"query-input\":{\"@type\":\"PropertyValueSpecification\",\"valueRequired\":true,\"valueName\":\"search_term_string\"}}],\"inLanguage\":\"fr-FR\"},{\"@type\":\"Organization\",\"@id\":\"https:\/\/www.facture.net\/blog\/#organization\",\"name\":\"Facture.net\",\"url\":\"https:\/\/www.facture.net\/blog\/\",\"logo\":{\"@type\":\"ImageObject\",\"inLanguage\":\"fr-FR\",\"@id\":\"https:\/\/www.facture.net\/blog\/#\/schema\/logo\/image\/\",\"url\":\"https:\/\/www.facture.net\/blog\/wp-content\/uploads\/sites\/3\/2022\/07\/logo-facture.svg\",\"contentUrl\":\"https:\/\/www.facture.net\/blog\/wp-content\/uploads\/sites\/3\/2022\/07\/logo-facture.svg\",\"width\":1,\"height\":1,\"caption\":\"Facture.net\"},\"image\":{\"@id\":\"https:\/\/www.facture.net\/blog\/#\/schema\/logo\/image\/\"}}]}<\/script>\n<!-- \/ Yoast SEO plugin. -->","yoast_head_json":{"title":"Facture d'acompte - Facture.net","description":"Qu'est-ce qu'une facture d'acompte ? Une facture d'acompte fait suite \u00e0 la signature d'un devis. Elle permet d'obtenir un paiement du client avant la","robots":{"index":"index","follow":"follow","max-snippet":"max-snippet:-1","max-image-preview":"max-image-preview:large","max-video-preview":"max-video-preview:-1"},"canonical":"https:\/\/www.facture.net\/blog\/definition\/facture-acompte\/","og_locale":"fr_FR","og_type":"article","og_title":"Facture d'acompte - Facture.net","og_description":"Qu'est-ce qu'une facture d'acompte ? Une facture d'acompte fait suite \u00e0 la signature d'un devis. Elle permet d'obtenir un paiement du client avant la","og_url":"https:\/\/www.facture.net\/blog\/definition\/facture-acompte\/","og_site_name":"Facture.net","twitter_card":"summary_large_image","twitter_misc":{"Dur\u00e9e de lecture estim\u00e9e":"1 minute"},"schema":{"@context":"https:\/\/schema.org","@graph":[{"@type":"WebPage","@id":"https:\/\/www.facture.net\/blog\/definition\/facture-acompte\/","url":"https:\/\/www.facture.net\/blog\/definition\/facture-acompte\/","name":"Facture d'acompte - Facture.net","isPartOf":{"@id":"https:\/\/www.facture.net\/blog\/#website"},"datePublished":"2022-07-22T07:37:52+00:00","description":"Qu'est-ce qu'une facture d'acompte ? Une facture d'acompte fait suite \u00e0 la signature d'un devis. Elle permet d'obtenir un paiement du client avant la","breadcrumb":{"@id":"https:\/\/www.facture.net\/blog\/definition\/facture-acompte\/#breadcrumb"},"inLanguage":"fr-FR","potentialAction":[{"@type":"ReadAction","target":["https:\/\/www.facture.net\/blog\/definition\/facture-acompte\/"]}]},{"@type":"BreadcrumbList","@id":"https:\/\/www.facture.net\/blog\/definition\/facture-acompte\/#breadcrumb","itemListElement":[{"@type":"ListItem","position":1,"name":"Blog","item":"https:\/\/www.facture.net\/blog\/"},{"@type":"ListItem","position":2,"name":"Toutes les d\u00e9finitions utiles pour votre gestion","item":"https:\/\/www.facture.net\/blog\/definition\/"},{"@type":"ListItem","position":3,"name":"Facture d&#8217;acompte"}]},{"@type":"WebSite","@id":"https:\/\/www.facture.net\/blog\/#website","url":"https:\/\/www.facture.net\/blog\/","name":"Facture.net","description":"facture","publisher":{"@id":"https:\/\/www.facture.net\/blog\/#organization"},"potentialAction":[{"@type":"SearchAction","target":{"@type":"EntryPoint","urlTemplate":"https:\/\/www.facture.net\/blog\/?s={search_term_string}"},"query-input":{"@type":"PropertyValueSpecification","valueRequired":true,"valueName":"search_term_string"}}],"inLanguage":"fr-FR"},{"@type":"Organization","@id":"https:\/\/www.facture.net\/blog\/#organization","name":"Facture.net","url":"https:\/\/www.facture.net\/blog\/","logo":{"@type":"ImageObject","inLanguage":"fr-FR","@id":"https:\/\/www.facture.net\/blog\/#\/schema\/logo\/image\/","url":"https:\/\/www.facture.net\/blog\/wp-content\/uploads\/sites\/3\/2022\/07\/logo-facture.svg","contentUrl":"https:\/\/www.facture.net\/blog\/wp-content\/uploads\/sites\/3\/2022\/07\/logo-facture.svg","width":1,"height":1,"caption":"Facture.net"},"image":{"@id":"https:\/\/www.facture.net\/blog\/#\/schema\/logo\/image\/"}}]}},"_links":{"self":[{"href":"https:\/\/www.facture.net\/blog\/wp-json\/wp\/v2\/pages\/4163","targetHints":{"allow":["GET"]}}],"collection":[{"href":"https:\/\/www.facture.net\/blog\/wp-json\/wp\/v2\/pages"}],"about":[{"href":"https:\/\/www.facture.net\/blog\/wp-json\/wp\/v2\/types\/page"}],"author":[{"embeddable":true,"href":"https:\/\/www.facture.net\/blog\/wp-json\/wp\/v2\/users\/1"}],"replies":[{"embeddable":true,"href":"https:\/\/www.facture.net\/blog\/wp-json\/wp\/v2\/comments?post=4163"}],"version-history":[{"count":0,"href":"https:\/\/www.facture.net\/blog\/wp-json\/wp\/v2\/pages\/4163\/revisions"}],"up":[{"embeddable":true,"href":"https:\/\/www.facture.net\/blog\/wp-json\/wp\/v2\/pages\/3962"}],"wp:attachment":[{"href":"https:\/\/www.facture.net\/blog\/wp-json\/wp\/v2\/media?parent=4163"}],"curies":[{"name":"wp","href":"https:\/\/api.w.org\/{rel}","templated":true}]}}