{"id":4161,"date":"2022-07-22T09:37:25","date_gmt":"2022-07-22T07:37:25","guid":{"rendered":"https:\/\/www.facture.net\/blog\/?page_id=4161"},"modified":"2022-07-22T09:37:25","modified_gmt":"2022-07-22T07:37:25","slug":"devis","status":"publish","type":"page","link":"https:\/\/www.facture.net\/blog\/definition\/devis\/","title":{"rendered":"Devis"},"content":{"rendered":"<h2>Qu&#8217;est-ce qu&#8217;un devis&nbsp;?<\/h2>\n<p>Un devis est un document \u00e9crit dans lequel un fournisseur ou prestataire de services propose de vendre un bien ou service \u00e0 un certain prix.<\/p>\n<p>Il s&#8217;agit d&#8217;un engagement unilat\u00e9ral&nbsp;: l&#8217;\u00e9metteur du devis s&#8217;engage \u00e0 ne pas le modifier tant que l&#8217;acheteur n&#8217;a pas exprim\u00e9 sont refus de l&#8217;offre. S&#8217;il est sign\u00e9 par les deux parties, le devis devient un document contractuel, et le document de r\u00e9f\u00e9rence en cas de litige.<\/p>\n<h2>Pour tout savoir sur les devis&nbsp;:<\/h2>\n<ul>\n<li class=\"entry-title\"><a title=\"Que doit comporter un devis pour \u00eatre valable&nbsp;?\" href=\"https:\/\/www.facture.net\/blog\/que-doit-comporter-un-devis\/\">Que doit comporter un devis pour \u00eatre valable&nbsp;?<\/a><\/li>\n<li class=\"entry-title\"><a title=\"Un devis peut-il \u00eatre payant&nbsp;?\" href=\"https:\/\/www.facture.net\/blog\/un-devis-peut-il-etre-payant\/\">Un devis peut-il \u00eatre payant&nbsp;?<\/a><\/li>\n<li class=\"entry-title\"><a title=\"Devis sign\u00e9&nbsp;: a-t-on le droit de revenir sur son accord&nbsp;?\" href=\"https:\/\/www.facture.net\/blog\/devis-signe-revenir-sur-son-accord\/\">Devis sign\u00e9&nbsp;: a-t-on le droit de revenir sur son accord&nbsp;?<\/a><\/li>\n<li class=\"entry-title\"><a title=\"3 astuces pour faire un devis vendeur\" href=\"https:\/\/www.facture.net\/blog\/faire-devis-vendeur\/\">3 astuces pour faire un devis vendeur<\/a><\/li>\n<li class=\"entry-title\"><a title=\"Comment relancer efficacement vos devis&nbsp;?\" href=\"https:\/\/www.facture.net\/blog\/relance-devis\/\">Comment relancer efficacement vos devis&nbsp;?<\/a><\/li>\n<li class=\"entry-title\"><a href=\"https:\/\/www.facture.net\/blog\/duree-validite-devis\/\">Quelle est la dur\u00e9e de validit\u00e9 d\u2019un devis&nbsp;?<\/a><\/li>\n<\/ul>\n","protected":false},"excerpt":{"rendered":"<p>Qu&#8217;est-ce qu&#8217;un devis&nbsp;? Un devis est un document \u00e9crit dans lequel un fournisseur ou prestataire de services propose de vendre un bien ou service \u00e0 un certain prix. Il s&#8217;agit d&#8217;un engagement unilat\u00e9ral&nbsp;: l&#8217;\u00e9metteur du devis s&#8217;engage \u00e0 ne pas le modifier tant que l&#8217;acheteur n&#8217;a pas exprim\u00e9 sont refus de l&#8217;offre. S&#8217;il est sign\u00e9 [&hellip;]<\/p>\n","protected":false},"author":1,"featured_media":0,"parent":3962,"menu_order":0,"comment_status":"closed","ping_status":"closed","template":"","meta":{"_acf_changed":false,"inline_featured_image":false,"footnotes":""},"class_list":["post-4161","page","type-page","status-publish","hentry"],"acf":[],"yoast_head":"<!-- This site is optimized with the Yoast SEO plugin v25.9 - https:\/\/yoast.com\/wordpress\/plugins\/seo\/ -->\n<title>Devis - Facture.net<\/title>\n<meta name=\"description\" content=\"Qu&#039;est-ce qu&#039;un devis ? Un devis est un document \u00e9crit dans lequel un fournisseur ou prestataire de services propose de vendre un bien ou service \u00e0 un\" \/>\n<meta name=\"robots\" content=\"index, follow, max-snippet:-1, max-image-preview:large, max-video-preview:-1\" \/>\n<link rel=\"canonical\" href=\"https:\/\/www.facture.net\/blog\/definition\/devis\/\" \/>\n<meta property=\"og:locale\" content=\"fr_FR\" \/>\n<meta property=\"og:type\" content=\"article\" \/>\n<meta property=\"og:title\" content=\"Devis - Facture.net\" \/>\n<meta property=\"og:description\" content=\"Qu&#039;est-ce qu&#039;un devis ? Un devis est un document \u00e9crit dans lequel un fournisseur ou prestataire de services propose de vendre un bien ou service \u00e0 un\" \/>\n<meta property=\"og:url\" content=\"https:\/\/www.facture.net\/blog\/definition\/devis\/\" \/>\n<meta property=\"og:site_name\" content=\"Facture.net\" \/>\n<meta name=\"twitter:card\" content=\"summary_large_image\" \/>\n<meta name=\"twitter:label1\" content=\"Dur\u00e9e de lecture estim\u00e9e\" \/>\n\t<meta name=\"twitter:data1\" content=\"1 minute\" \/>\n<script type=\"application\/ld+json\" class=\"yoast-schema-graph\">{\"@context\":\"https:\/\/schema.org\",\"@graph\":[{\"@type\":\"WebPage\",\"@id\":\"https:\/\/www.facture.net\/blog\/definition\/devis\/\",\"url\":\"https:\/\/www.facture.net\/blog\/definition\/devis\/\",\"name\":\"Devis - Facture.net\",\"isPartOf\":{\"@id\":\"https:\/\/www.facture.net\/blog\/#website\"},\"datePublished\":\"2022-07-22T07:37:25+00:00\",\"description\":\"Qu'est-ce qu'un devis ? Un devis est un document \u00e9crit dans lequel un fournisseur ou prestataire de services propose de vendre un bien ou service \u00e0 un\",\"breadcrumb\":{\"@id\":\"https:\/\/www.facture.net\/blog\/definition\/devis\/#breadcrumb\"},\"inLanguage\":\"fr-FR\",\"potentialAction\":[{\"@type\":\"ReadAction\",\"target\":[\"https:\/\/www.facture.net\/blog\/definition\/devis\/\"]}]},{\"@type\":\"BreadcrumbList\",\"@id\":\"https:\/\/www.facture.net\/blog\/definition\/devis\/#breadcrumb\",\"itemListElement\":[{\"@type\":\"ListItem\",\"position\":1,\"name\":\"Blog\",\"item\":\"https:\/\/www.facture.net\/blog\/\"},{\"@type\":\"ListItem\",\"position\":2,\"name\":\"Toutes les d\u00e9finitions utiles pour votre gestion\",\"item\":\"https:\/\/www.facture.net\/blog\/definition\/\"},{\"@type\":\"ListItem\",\"position\":3,\"name\":\"Devis\"}]},{\"@type\":\"WebSite\",\"@id\":\"https:\/\/www.facture.net\/blog\/#website\",\"url\":\"https:\/\/www.facture.net\/blog\/\",\"name\":\"Facture.net\",\"description\":\"facture\",\"publisher\":{\"@id\":\"https:\/\/www.facture.net\/blog\/#organization\"},\"potentialAction\":[{\"@type\":\"SearchAction\",\"target\":{\"@type\":\"EntryPoint\",\"urlTemplate\":\"https:\/\/www.facture.net\/blog\/?s={search_term_string}\"},\"query-input\":{\"@type\":\"PropertyValueSpecification\",\"valueRequired\":true,\"valueName\":\"search_term_string\"}}],\"inLanguage\":\"fr-FR\"},{\"@type\":\"Organization\",\"@id\":\"https:\/\/www.facture.net\/blog\/#organization\",\"name\":\"Facture.net\",\"url\":\"https:\/\/www.facture.net\/blog\/\",\"logo\":{\"@type\":\"ImageObject\",\"inLanguage\":\"fr-FR\",\"@id\":\"https:\/\/www.facture.net\/blog\/#\/schema\/logo\/image\/\",\"url\":\"https:\/\/www.facture.net\/blog\/wp-content\/uploads\/sites\/3\/2022\/07\/logo-facture.svg\",\"contentUrl\":\"https:\/\/www.facture.net\/blog\/wp-content\/uploads\/sites\/3\/2022\/07\/logo-facture.svg\",\"width\":1,\"height\":1,\"caption\":\"Facture.net\"},\"image\":{\"@id\":\"https:\/\/www.facture.net\/blog\/#\/schema\/logo\/image\/\"}}]}<\/script>\n<!-- \/ Yoast SEO plugin. -->","yoast_head_json":{"title":"Devis - Facture.net","description":"Qu'est-ce qu'un devis ? Un devis est un document \u00e9crit dans lequel un fournisseur ou prestataire de services propose de vendre un bien ou service \u00e0 un","robots":{"index":"index","follow":"follow","max-snippet":"max-snippet:-1","max-image-preview":"max-image-preview:large","max-video-preview":"max-video-preview:-1"},"canonical":"https:\/\/www.facture.net\/blog\/definition\/devis\/","og_locale":"fr_FR","og_type":"article","og_title":"Devis - Facture.net","og_description":"Qu'est-ce qu'un devis ? Un devis est un document \u00e9crit dans lequel un fournisseur ou prestataire de services propose de vendre un bien ou service \u00e0 un","og_url":"https:\/\/www.facture.net\/blog\/definition\/devis\/","og_site_name":"Facture.net","twitter_card":"summary_large_image","twitter_misc":{"Dur\u00e9e de lecture estim\u00e9e":"1 minute"},"schema":{"@context":"https:\/\/schema.org","@graph":[{"@type":"WebPage","@id":"https:\/\/www.facture.net\/blog\/definition\/devis\/","url":"https:\/\/www.facture.net\/blog\/definition\/devis\/","name":"Devis - Facture.net","isPartOf":{"@id":"https:\/\/www.facture.net\/blog\/#website"},"datePublished":"2022-07-22T07:37:25+00:00","description":"Qu'est-ce qu'un devis ? Un devis est un document \u00e9crit dans lequel un fournisseur ou prestataire de services propose de vendre un bien ou service \u00e0 un","breadcrumb":{"@id":"https:\/\/www.facture.net\/blog\/definition\/devis\/#breadcrumb"},"inLanguage":"fr-FR","potentialAction":[{"@type":"ReadAction","target":["https:\/\/www.facture.net\/blog\/definition\/devis\/"]}]},{"@type":"BreadcrumbList","@id":"https:\/\/www.facture.net\/blog\/definition\/devis\/#breadcrumb","itemListElement":[{"@type":"ListItem","position":1,"name":"Blog","item":"https:\/\/www.facture.net\/blog\/"},{"@type":"ListItem","position":2,"name":"Toutes les d\u00e9finitions utiles pour votre gestion","item":"https:\/\/www.facture.net\/blog\/definition\/"},{"@type":"ListItem","position":3,"name":"Devis"}]},{"@type":"WebSite","@id":"https:\/\/www.facture.net\/blog\/#website","url":"https:\/\/www.facture.net\/blog\/","name":"Facture.net","description":"facture","publisher":{"@id":"https:\/\/www.facture.net\/blog\/#organization"},"potentialAction":[{"@type":"SearchAction","target":{"@type":"EntryPoint","urlTemplate":"https:\/\/www.facture.net\/blog\/?s={search_term_string}"},"query-input":{"@type":"PropertyValueSpecification","valueRequired":true,"valueName":"search_term_string"}}],"inLanguage":"fr-FR"},{"@type":"Organization","@id":"https:\/\/www.facture.net\/blog\/#organization","name":"Facture.net","url":"https:\/\/www.facture.net\/blog\/","logo":{"@type":"ImageObject","inLanguage":"fr-FR","@id":"https:\/\/www.facture.net\/blog\/#\/schema\/logo\/image\/","url":"https:\/\/www.facture.net\/blog\/wp-content\/uploads\/sites\/3\/2022\/07\/logo-facture.svg","contentUrl":"https:\/\/www.facture.net\/blog\/wp-content\/uploads\/sites\/3\/2022\/07\/logo-facture.svg","width":1,"height":1,"caption":"Facture.net"},"image":{"@id":"https:\/\/www.facture.net\/blog\/#\/schema\/logo\/image\/"}}]}},"_links":{"self":[{"href":"https:\/\/www.facture.net\/blog\/wp-json\/wp\/v2\/pages\/4161","targetHints":{"allow":["GET"]}}],"collection":[{"href":"https:\/\/www.facture.net\/blog\/wp-json\/wp\/v2\/pages"}],"about":[{"href":"https:\/\/www.facture.net\/blog\/wp-json\/wp\/v2\/types\/page"}],"author":[{"embeddable":true,"href":"https:\/\/www.facture.net\/blog\/wp-json\/wp\/v2\/users\/1"}],"replies":[{"embeddable":true,"href":"https:\/\/www.facture.net\/blog\/wp-json\/wp\/v2\/comments?post=4161"}],"version-history":[{"count":0,"href":"https:\/\/www.facture.net\/blog\/wp-json\/wp\/v2\/pages\/4161\/revisions"}],"up":[{"embeddable":true,"href":"https:\/\/www.facture.net\/blog\/wp-json\/wp\/v2\/pages\/3962"}],"wp:attachment":[{"href":"https:\/\/www.facture.net\/blog\/wp-json\/wp\/v2\/media?parent=4161"}],"curies":[{"name":"wp","href":"https:\/\/api.w.org\/{rel}","templated":true}]}}