{"id":4159,"date":"2022-07-22T09:36:59","date_gmt":"2022-07-22T07:36:59","guid":{"rendered":"https:\/\/www.facture.net\/blog\/?page_id=4159"},"modified":"2022-07-22T09:36:59","modified_gmt":"2022-07-22T07:36:59","slug":"debours","status":"publish","type":"page","link":"https:\/\/www.facture.net\/blog\/definition\/debours\/","title":{"rendered":"D\u00e9bours"},"content":{"rendered":"<h2>Qu&#8217;est-ce qu&#8217;un d\u00e9bours&nbsp;?<\/h2>\n<p>Les d\u00e9bours sont des <strong>sommes engag\u00e9es par l&#8217;entreprise pour le compte d&#8217;un client<\/strong>.<\/p>\n<p>Bien souvent, il s&#8217;agit de fournitures achet\u00e9es par l&#8217;entreprise afin de pr\u00e9parer la commande du client. L&#8217;entreprise r\u00e8gle donc ces achats, mais la facture est \u00e9tablie au nom du client final. Celui-ci doit ainsi rembourser int\u00e9gralement l&#8217;entreprise, sur pr\u00e9sentation du justificatif.<\/p>\n<p>Les d\u00e9bours ne doivent pas \u00eatre comptabilis\u00e9s dans le calcul de TVA de l&#8217;entreprise ; la TVA est \u00e0 la charge du client final.<\/p>\n<h2>Pour en savoir plus sur le d\u00e9bours<\/h2>\n<ul>\n<li>\n<p class=\"entry-title\"><a href=\"https:\/\/www.facture.net\/blog\/debours-remboursements\/\">D\u00e9bours et remboursements de frais\u00a0: comment \u00e7a marche\u00a0?<\/a><\/p>\n<\/li>\n<\/ul>\n","protected":false},"excerpt":{"rendered":"<p>Qu&#8217;est-ce qu&#8217;un d\u00e9bours&nbsp;? Les d\u00e9bours sont des sommes engag\u00e9es par l&#8217;entreprise pour le compte d&#8217;un client. Bien souvent, il s&#8217;agit de fournitures achet\u00e9es par l&#8217;entreprise afin de pr\u00e9parer la commande du client. L&#8217;entreprise r\u00e8gle donc ces achats, mais la facture est \u00e9tablie au nom du client final. Celui-ci doit ainsi rembourser int\u00e9gralement l&#8217;entreprise, sur pr\u00e9sentation [&hellip;]<\/p>\n","protected":false},"author":1,"featured_media":0,"parent":3962,"menu_order":0,"comment_status":"closed","ping_status":"closed","template":"","meta":{"_acf_changed":false,"inline_featured_image":false,"footnotes":""},"class_list":["post-4159","page","type-page","status-publish","hentry"],"acf":[],"yoast_head":"<!-- This site is optimized with the Yoast SEO plugin v25.9 - https:\/\/yoast.com\/wordpress\/plugins\/seo\/ -->\n<title>D\u00e9bours - Facture.net<\/title>\n<meta name=\"description\" content=\"Qu&#039;est-ce qu&#039;un d\u00e9bours ? Les d\u00e9bours sont des sommes engag\u00e9es par l&#039;entreprise pour le compte d&#039;un client. Bien souvent, il s&#039;agit de fournitures\" \/>\n<meta name=\"robots\" content=\"index, follow, max-snippet:-1, max-image-preview:large, max-video-preview:-1\" \/>\n<link rel=\"canonical\" href=\"https:\/\/www.facture.net\/blog\/definition\/debours\/\" \/>\n<meta property=\"og:locale\" content=\"fr_FR\" \/>\n<meta property=\"og:type\" content=\"article\" \/>\n<meta property=\"og:title\" content=\"D\u00e9bours - Facture.net\" \/>\n<meta property=\"og:description\" content=\"Qu&#039;est-ce qu&#039;un d\u00e9bours ? Les d\u00e9bours sont des sommes engag\u00e9es par l&#039;entreprise pour le compte d&#039;un client. Bien souvent, il s&#039;agit de fournitures\" \/>\n<meta property=\"og:url\" content=\"https:\/\/www.facture.net\/blog\/definition\/debours\/\" \/>\n<meta property=\"og:site_name\" content=\"Facture.net\" \/>\n<meta name=\"twitter:card\" content=\"summary_large_image\" \/>\n<meta name=\"twitter:label1\" content=\"Dur\u00e9e de lecture estim\u00e9e\" \/>\n\t<meta name=\"twitter:data1\" content=\"1 minute\" \/>\n<script type=\"application\/ld+json\" class=\"yoast-schema-graph\">{\"@context\":\"https:\/\/schema.org\",\"@graph\":[{\"@type\":\"WebPage\",\"@id\":\"https:\/\/www.facture.net\/blog\/definition\/debours\/\",\"url\":\"https:\/\/www.facture.net\/blog\/definition\/debours\/\",\"name\":\"D\u00e9bours - Facture.net\",\"isPartOf\":{\"@id\":\"https:\/\/www.facture.net\/blog\/#website\"},\"datePublished\":\"2022-07-22T07:36:59+00:00\",\"description\":\"Qu'est-ce qu'un d\u00e9bours ? Les d\u00e9bours sont des sommes engag\u00e9es par l'entreprise pour le compte d'un client. Bien souvent, il s'agit de fournitures\",\"breadcrumb\":{\"@id\":\"https:\/\/www.facture.net\/blog\/definition\/debours\/#breadcrumb\"},\"inLanguage\":\"fr-FR\",\"potentialAction\":[{\"@type\":\"ReadAction\",\"target\":[\"https:\/\/www.facture.net\/blog\/definition\/debours\/\"]}]},{\"@type\":\"BreadcrumbList\",\"@id\":\"https:\/\/www.facture.net\/blog\/definition\/debours\/#breadcrumb\",\"itemListElement\":[{\"@type\":\"ListItem\",\"position\":1,\"name\":\"Blog\",\"item\":\"https:\/\/www.facture.net\/blog\/\"},{\"@type\":\"ListItem\",\"position\":2,\"name\":\"Toutes les d\u00e9finitions utiles pour votre gestion\",\"item\":\"https:\/\/www.facture.net\/blog\/definition\/\"},{\"@type\":\"ListItem\",\"position\":3,\"name\":\"D\u00e9bours\"}]},{\"@type\":\"WebSite\",\"@id\":\"https:\/\/www.facture.net\/blog\/#website\",\"url\":\"https:\/\/www.facture.net\/blog\/\",\"name\":\"Facture.net\",\"description\":\"facture\",\"publisher\":{\"@id\":\"https:\/\/www.facture.net\/blog\/#organization\"},\"potentialAction\":[{\"@type\":\"SearchAction\",\"target\":{\"@type\":\"EntryPoint\",\"urlTemplate\":\"https:\/\/www.facture.net\/blog\/?s={search_term_string}\"},\"query-input\":{\"@type\":\"PropertyValueSpecification\",\"valueRequired\":true,\"valueName\":\"search_term_string\"}}],\"inLanguage\":\"fr-FR\"},{\"@type\":\"Organization\",\"@id\":\"https:\/\/www.facture.net\/blog\/#organization\",\"name\":\"Facture.net\",\"url\":\"https:\/\/www.facture.net\/blog\/\",\"logo\":{\"@type\":\"ImageObject\",\"inLanguage\":\"fr-FR\",\"@id\":\"https:\/\/www.facture.net\/blog\/#\/schema\/logo\/image\/\",\"url\":\"https:\/\/www.facture.net\/blog\/wp-content\/uploads\/sites\/3\/2022\/07\/logo-facture.svg\",\"contentUrl\":\"https:\/\/www.facture.net\/blog\/wp-content\/uploads\/sites\/3\/2022\/07\/logo-facture.svg\",\"width\":1,\"height\":1,\"caption\":\"Facture.net\"},\"image\":{\"@id\":\"https:\/\/www.facture.net\/blog\/#\/schema\/logo\/image\/\"}}]}<\/script>\n<!-- \/ Yoast SEO plugin. -->","yoast_head_json":{"title":"D\u00e9bours - Facture.net","description":"Qu'est-ce qu'un d\u00e9bours ? Les d\u00e9bours sont des sommes engag\u00e9es par l'entreprise pour le compte d'un client. Bien souvent, il s'agit de fournitures","robots":{"index":"index","follow":"follow","max-snippet":"max-snippet:-1","max-image-preview":"max-image-preview:large","max-video-preview":"max-video-preview:-1"},"canonical":"https:\/\/www.facture.net\/blog\/definition\/debours\/","og_locale":"fr_FR","og_type":"article","og_title":"D\u00e9bours - Facture.net","og_description":"Qu'est-ce qu'un d\u00e9bours ? Les d\u00e9bours sont des sommes engag\u00e9es par l'entreprise pour le compte d'un client. Bien souvent, il s'agit de fournitures","og_url":"https:\/\/www.facture.net\/blog\/definition\/debours\/","og_site_name":"Facture.net","twitter_card":"summary_large_image","twitter_misc":{"Dur\u00e9e de lecture estim\u00e9e":"1 minute"},"schema":{"@context":"https:\/\/schema.org","@graph":[{"@type":"WebPage","@id":"https:\/\/www.facture.net\/blog\/definition\/debours\/","url":"https:\/\/www.facture.net\/blog\/definition\/debours\/","name":"D\u00e9bours - Facture.net","isPartOf":{"@id":"https:\/\/www.facture.net\/blog\/#website"},"datePublished":"2022-07-22T07:36:59+00:00","description":"Qu'est-ce qu'un d\u00e9bours ? Les d\u00e9bours sont des sommes engag\u00e9es par l'entreprise pour le compte d'un client. Bien souvent, il s'agit de fournitures","breadcrumb":{"@id":"https:\/\/www.facture.net\/blog\/definition\/debours\/#breadcrumb"},"inLanguage":"fr-FR","potentialAction":[{"@type":"ReadAction","target":["https:\/\/www.facture.net\/blog\/definition\/debours\/"]}]},{"@type":"BreadcrumbList","@id":"https:\/\/www.facture.net\/blog\/definition\/debours\/#breadcrumb","itemListElement":[{"@type":"ListItem","position":1,"name":"Blog","item":"https:\/\/www.facture.net\/blog\/"},{"@type":"ListItem","position":2,"name":"Toutes les d\u00e9finitions utiles pour votre gestion","item":"https:\/\/www.facture.net\/blog\/definition\/"},{"@type":"ListItem","position":3,"name":"D\u00e9bours"}]},{"@type":"WebSite","@id":"https:\/\/www.facture.net\/blog\/#website","url":"https:\/\/www.facture.net\/blog\/","name":"Facture.net","description":"facture","publisher":{"@id":"https:\/\/www.facture.net\/blog\/#organization"},"potentialAction":[{"@type":"SearchAction","target":{"@type":"EntryPoint","urlTemplate":"https:\/\/www.facture.net\/blog\/?s={search_term_string}"},"query-input":{"@type":"PropertyValueSpecification","valueRequired":true,"valueName":"search_term_string"}}],"inLanguage":"fr-FR"},{"@type":"Organization","@id":"https:\/\/www.facture.net\/blog\/#organization","name":"Facture.net","url":"https:\/\/www.facture.net\/blog\/","logo":{"@type":"ImageObject","inLanguage":"fr-FR","@id":"https:\/\/www.facture.net\/blog\/#\/schema\/logo\/image\/","url":"https:\/\/www.facture.net\/blog\/wp-content\/uploads\/sites\/3\/2022\/07\/logo-facture.svg","contentUrl":"https:\/\/www.facture.net\/blog\/wp-content\/uploads\/sites\/3\/2022\/07\/logo-facture.svg","width":1,"height":1,"caption":"Facture.net"},"image":{"@id":"https:\/\/www.facture.net\/blog\/#\/schema\/logo\/image\/"}}]}},"_links":{"self":[{"href":"https:\/\/www.facture.net\/blog\/wp-json\/wp\/v2\/pages\/4159","targetHints":{"allow":["GET"]}}],"collection":[{"href":"https:\/\/www.facture.net\/blog\/wp-json\/wp\/v2\/pages"}],"about":[{"href":"https:\/\/www.facture.net\/blog\/wp-json\/wp\/v2\/types\/page"}],"author":[{"embeddable":true,"href":"https:\/\/www.facture.net\/blog\/wp-json\/wp\/v2\/users\/1"}],"replies":[{"embeddable":true,"href":"https:\/\/www.facture.net\/blog\/wp-json\/wp\/v2\/comments?post=4159"}],"version-history":[{"count":0,"href":"https:\/\/www.facture.net\/blog\/wp-json\/wp\/v2\/pages\/4159\/revisions"}],"up":[{"embeddable":true,"href":"https:\/\/www.facture.net\/blog\/wp-json\/wp\/v2\/pages\/3962"}],"wp:attachment":[{"href":"https:\/\/www.facture.net\/blog\/wp-json\/wp\/v2\/media?parent=4159"}],"curies":[{"name":"wp","href":"https:\/\/api.w.org\/{rel}","templated":true}]}}