{"id":4157,"date":"2022-07-22T09:36:26","date_gmt":"2022-07-22T07:36:26","guid":{"rendered":"https:\/\/www.facture.net\/blog\/?page_id=4157"},"modified":"2022-07-22T09:36:26","modified_gmt":"2022-07-22T07:36:26","slug":"affacturage-factoring","status":"publish","type":"page","link":"https:\/\/www.facture.net\/blog\/definition\/affacturage-factoring\/","title":{"rendered":"Affacturage, factoring"},"content":{"rendered":"<h2>Qu&#8217;est-ce que l&#8217;affacturage&nbsp;?<\/h2>\n<p><strong>L\u2019affacturage, appel\u00e9 aussi factoring, est une solution de financement professionnel<\/strong>. De plus en plus d\u2019entreprises ont recours aux soci\u00e9t\u00e9s d\u2019affacturage pour pr\u00e9server leur tr\u00e9sorerie. Le factoring permet de disposer rapidement de l\u2019argent des factures ou des cr\u00e9ances clients sans devoir attendre l\u2019\u00e9ch\u00e9ance.<\/p>\n<p>Vous c\u00e9dez vos <strong>cr\u00e9ances clients <\/strong>\u00e0 un \u00e9tablissements financier qui va financer vos <strong>besoins en tr\u00e9sorerie<\/strong> en \u00e9change des factures.<\/p>\n<h2>Tout savoir sur le factoring<\/h2>\n<p>Pour bien comprendre le factoring et son fonctionnement, Facture.net a r\u00e9dig\u00e9 pour vous <a href=\"https:\/\/www.facture.net\/blog\/affacturage-comment-ca-marche\/\">Le guide de l&#8217;affacturage<\/a>. Vous y trouverez&nbsp;:<\/p>\n<ul>\n<li>la d\u00e9finition du factoring<\/li>\n<li>son fonctionnement<\/li>\n<li>ses avantages<\/li>\n<li>ses inconv\u00e9nients<\/li>\n<li>nos conseils pour choisir votre plateforme d&#8217;e-affacturage<\/li>\n<li>notre s\u00e9lection de plateformes de factoring<\/li>\n<\/ul>\n<ul>\n<li><a href=\"https:\/\/www.facture.net\/blog\/affacturage-comment-ca-marche\/\">Lire le guide<\/a><\/li>\n<\/ul>\n","protected":false},"excerpt":{"rendered":"<p>Qu&#8217;est-ce que l&#8217;affacturage&nbsp;? L\u2019affacturage, appel\u00e9 aussi factoring, est une solution de financement professionnel. De plus en plus d\u2019entreprises ont recours aux soci\u00e9t\u00e9s d\u2019affacturage pour pr\u00e9server leur tr\u00e9sorerie. Le factoring permet de disposer rapidement de l\u2019argent des factures ou des cr\u00e9ances clients sans devoir attendre l\u2019\u00e9ch\u00e9ance. Vous c\u00e9dez vos cr\u00e9ances clients \u00e0 un \u00e9tablissements financier qui [&hellip;]<\/p>\n","protected":false},"author":1,"featured_media":0,"parent":3962,"menu_order":0,"comment_status":"closed","ping_status":"closed","template":"","meta":{"_acf_changed":false,"inline_featured_image":false,"footnotes":""},"class_list":["post-4157","page","type-page","status-publish","hentry"],"acf":[],"yoast_head":"<!-- This site is optimized with the Yoast SEO plugin v25.9 - https:\/\/yoast.com\/wordpress\/plugins\/seo\/ -->\n<title>Affacturage, factoring - Facture.net<\/title>\n<meta name=\"description\" content=\"Qu&#039;est-ce que l&#039;affacturage ? L\u2019affacturage, appel\u00e9 aussi factoring, est une solution de financement professionnel. De plus en plus d\u2019entreprises ont\" \/>\n<meta name=\"robots\" content=\"index, follow, max-snippet:-1, max-image-preview:large, max-video-preview:-1\" \/>\n<link rel=\"canonical\" href=\"https:\/\/www.facture.net\/blog\/definition\/affacturage-factoring\/\" \/>\n<meta property=\"og:locale\" content=\"fr_FR\" \/>\n<meta property=\"og:type\" content=\"article\" \/>\n<meta property=\"og:title\" content=\"Affacturage, factoring - Facture.net\" \/>\n<meta property=\"og:description\" content=\"Qu&#039;est-ce que l&#039;affacturage ? L\u2019affacturage, appel\u00e9 aussi factoring, est une solution de financement professionnel. De plus en plus d\u2019entreprises ont\" \/>\n<meta property=\"og:url\" content=\"https:\/\/www.facture.net\/blog\/definition\/affacturage-factoring\/\" \/>\n<meta property=\"og:site_name\" content=\"Facture.net\" \/>\n<meta name=\"twitter:card\" content=\"summary_large_image\" \/>\n<meta name=\"twitter:label1\" content=\"Dur\u00e9e de lecture estim\u00e9e\" \/>\n\t<meta name=\"twitter:data1\" content=\"1 minute\" \/>\n<script type=\"application\/ld+json\" class=\"yoast-schema-graph\">{\"@context\":\"https:\/\/schema.org\",\"@graph\":[{\"@type\":\"WebPage\",\"@id\":\"https:\/\/www.facture.net\/blog\/definition\/affacturage-factoring\/\",\"url\":\"https:\/\/www.facture.net\/blog\/definition\/affacturage-factoring\/\",\"name\":\"Affacturage, factoring - Facture.net\",\"isPartOf\":{\"@id\":\"https:\/\/www.facture.net\/blog\/#website\"},\"datePublished\":\"2022-07-22T07:36:26+00:00\",\"description\":\"Qu'est-ce que l'affacturage ? L\u2019affacturage, appel\u00e9 aussi factoring, est une solution de financement professionnel. De plus en plus d\u2019entreprises ont\",\"breadcrumb\":{\"@id\":\"https:\/\/www.facture.net\/blog\/definition\/affacturage-factoring\/#breadcrumb\"},\"inLanguage\":\"fr-FR\",\"potentialAction\":[{\"@type\":\"ReadAction\",\"target\":[\"https:\/\/www.facture.net\/blog\/definition\/affacturage-factoring\/\"]}]},{\"@type\":\"BreadcrumbList\",\"@id\":\"https:\/\/www.facture.net\/blog\/definition\/affacturage-factoring\/#breadcrumb\",\"itemListElement\":[{\"@type\":\"ListItem\",\"position\":1,\"name\":\"Blog\",\"item\":\"https:\/\/www.facture.net\/blog\/\"},{\"@type\":\"ListItem\",\"position\":2,\"name\":\"Toutes les d\u00e9finitions utiles pour votre gestion\",\"item\":\"https:\/\/www.facture.net\/blog\/definition\/\"},{\"@type\":\"ListItem\",\"position\":3,\"name\":\"Affacturage, factoring\"}]},{\"@type\":\"WebSite\",\"@id\":\"https:\/\/www.facture.net\/blog\/#website\",\"url\":\"https:\/\/www.facture.net\/blog\/\",\"name\":\"Facture.net\",\"description\":\"facture\",\"publisher\":{\"@id\":\"https:\/\/www.facture.net\/blog\/#organization\"},\"potentialAction\":[{\"@type\":\"SearchAction\",\"target\":{\"@type\":\"EntryPoint\",\"urlTemplate\":\"https:\/\/www.facture.net\/blog\/?s={search_term_string}\"},\"query-input\":{\"@type\":\"PropertyValueSpecification\",\"valueRequired\":true,\"valueName\":\"search_term_string\"}}],\"inLanguage\":\"fr-FR\"},{\"@type\":\"Organization\",\"@id\":\"https:\/\/www.facture.net\/blog\/#organization\",\"name\":\"Facture.net\",\"url\":\"https:\/\/www.facture.net\/blog\/\",\"logo\":{\"@type\":\"ImageObject\",\"inLanguage\":\"fr-FR\",\"@id\":\"https:\/\/www.facture.net\/blog\/#\/schema\/logo\/image\/\",\"url\":\"https:\/\/www.facture.net\/blog\/wp-content\/uploads\/sites\/3\/2022\/07\/logo-facture.svg\",\"contentUrl\":\"https:\/\/www.facture.net\/blog\/wp-content\/uploads\/sites\/3\/2022\/07\/logo-facture.svg\",\"width\":1,\"height\":1,\"caption\":\"Facture.net\"},\"image\":{\"@id\":\"https:\/\/www.facture.net\/blog\/#\/schema\/logo\/image\/\"}}]}<\/script>\n<!-- \/ Yoast SEO plugin. -->","yoast_head_json":{"title":"Affacturage, factoring - Facture.net","description":"Qu'est-ce que l'affacturage ? L\u2019affacturage, appel\u00e9 aussi factoring, est une solution de financement professionnel. De plus en plus d\u2019entreprises ont","robots":{"index":"index","follow":"follow","max-snippet":"max-snippet:-1","max-image-preview":"max-image-preview:large","max-video-preview":"max-video-preview:-1"},"canonical":"https:\/\/www.facture.net\/blog\/definition\/affacturage-factoring\/","og_locale":"fr_FR","og_type":"article","og_title":"Affacturage, factoring - Facture.net","og_description":"Qu'est-ce que l'affacturage ? L\u2019affacturage, appel\u00e9 aussi factoring, est une solution de financement professionnel. De plus en plus d\u2019entreprises ont","og_url":"https:\/\/www.facture.net\/blog\/definition\/affacturage-factoring\/","og_site_name":"Facture.net","twitter_card":"summary_large_image","twitter_misc":{"Dur\u00e9e de lecture estim\u00e9e":"1 minute"},"schema":{"@context":"https:\/\/schema.org","@graph":[{"@type":"WebPage","@id":"https:\/\/www.facture.net\/blog\/definition\/affacturage-factoring\/","url":"https:\/\/www.facture.net\/blog\/definition\/affacturage-factoring\/","name":"Affacturage, factoring - Facture.net","isPartOf":{"@id":"https:\/\/www.facture.net\/blog\/#website"},"datePublished":"2022-07-22T07:36:26+00:00","description":"Qu'est-ce que l'affacturage ? L\u2019affacturage, appel\u00e9 aussi factoring, est une solution de financement professionnel. De plus en plus d\u2019entreprises ont","breadcrumb":{"@id":"https:\/\/www.facture.net\/blog\/definition\/affacturage-factoring\/#breadcrumb"},"inLanguage":"fr-FR","potentialAction":[{"@type":"ReadAction","target":["https:\/\/www.facture.net\/blog\/definition\/affacturage-factoring\/"]}]},{"@type":"BreadcrumbList","@id":"https:\/\/www.facture.net\/blog\/definition\/affacturage-factoring\/#breadcrumb","itemListElement":[{"@type":"ListItem","position":1,"name":"Blog","item":"https:\/\/www.facture.net\/blog\/"},{"@type":"ListItem","position":2,"name":"Toutes les d\u00e9finitions utiles pour votre gestion","item":"https:\/\/www.facture.net\/blog\/definition\/"},{"@type":"ListItem","position":3,"name":"Affacturage, factoring"}]},{"@type":"WebSite","@id":"https:\/\/www.facture.net\/blog\/#website","url":"https:\/\/www.facture.net\/blog\/","name":"Facture.net","description":"facture","publisher":{"@id":"https:\/\/www.facture.net\/blog\/#organization"},"potentialAction":[{"@type":"SearchAction","target":{"@type":"EntryPoint","urlTemplate":"https:\/\/www.facture.net\/blog\/?s={search_term_string}"},"query-input":{"@type":"PropertyValueSpecification","valueRequired":true,"valueName":"search_term_string"}}],"inLanguage":"fr-FR"},{"@type":"Organization","@id":"https:\/\/www.facture.net\/blog\/#organization","name":"Facture.net","url":"https:\/\/www.facture.net\/blog\/","logo":{"@type":"ImageObject","inLanguage":"fr-FR","@id":"https:\/\/www.facture.net\/blog\/#\/schema\/logo\/image\/","url":"https:\/\/www.facture.net\/blog\/wp-content\/uploads\/sites\/3\/2022\/07\/logo-facture.svg","contentUrl":"https:\/\/www.facture.net\/blog\/wp-content\/uploads\/sites\/3\/2022\/07\/logo-facture.svg","width":1,"height":1,"caption":"Facture.net"},"image":{"@id":"https:\/\/www.facture.net\/blog\/#\/schema\/logo\/image\/"}}]}},"_links":{"self":[{"href":"https:\/\/www.facture.net\/blog\/wp-json\/wp\/v2\/pages\/4157","targetHints":{"allow":["GET"]}}],"collection":[{"href":"https:\/\/www.facture.net\/blog\/wp-json\/wp\/v2\/pages"}],"about":[{"href":"https:\/\/www.facture.net\/blog\/wp-json\/wp\/v2\/types\/page"}],"author":[{"embeddable":true,"href":"https:\/\/www.facture.net\/blog\/wp-json\/wp\/v2\/users\/1"}],"replies":[{"embeddable":true,"href":"https:\/\/www.facture.net\/blog\/wp-json\/wp\/v2\/comments?post=4157"}],"version-history":[{"count":0,"href":"https:\/\/www.facture.net\/blog\/wp-json\/wp\/v2\/pages\/4157\/revisions"}],"up":[{"embeddable":true,"href":"https:\/\/www.facture.net\/blog\/wp-json\/wp\/v2\/pages\/3962"}],"wp:attachment":[{"href":"https:\/\/www.facture.net\/blog\/wp-json\/wp\/v2\/media?parent=4157"}],"curies":[{"name":"wp","href":"https:\/\/api.w.org\/{rel}","templated":true}]}}