{"id":3962,"date":"2022-07-22T09:33:33","date_gmt":"2022-07-22T07:33:33","guid":{"rendered":"https:\/\/www.facture.net\/blog\/?page_id=3962"},"modified":"2022-07-22T09:33:33","modified_gmt":"2022-07-22T07:33:33","slug":"definition","status":"publish","type":"page","link":"https:\/\/www.facture.net\/blog\/definition\/","title":{"rendered":"Toutes les d\u00e9finitions utiles pour votre gestion"},"content":{"rendered":"<p>Retrouvez ici tous les mots-cl\u00e9s utiles pour bien comprendre la gestion d&#8217;entreprise, de A \u00e0 Z.<\/p>\n<p>Cliquez sur le mot-cl\u00e9 pour afficher sa d\u00e9finition et d\u00e9couvrir tous nos contenus relatifs \u00e0 ce terme&nbsp;:<\/p>\n<ul class=\"wpb_page_list\"><li class=\"page_item page-item-4157\"><a href=\"https:\/\/www.facture.net\/blog\/definition\/affacturage-factoring\/\">Affacturage, factoring<\/a><\/li>\n<li class=\"page_item page-item-4166\"><a href=\"https:\/\/www.facture.net\/blog\/definition\/facture-avoir\/\">Avoir, facture d&#8217;avoir, note de cr\u00e9dit<\/a><\/li>\n<li class=\"page_item page-item-4159\"><a href=\"https:\/\/www.facture.net\/blog\/definition\/debours\/\">D\u00e9bours<\/a><\/li>\n<li class=\"page_item page-item-4161\"><a href=\"https:\/\/www.facture.net\/blog\/definition\/devis\/\">Devis<\/a><\/li>\n<li class=\"page_item page-item-4163\"><a href=\"https:\/\/www.facture.net\/blog\/definition\/facture-acompte\/\">Facture d&#8217;acompte<\/a><\/li>\n<li class=\"page_item page-item-4168\"><a href=\"https:\/\/www.facture.net\/blog\/definition\/franchise\/\">Franchise<\/a><\/li>\n<li class=\"page_item page-item-3964\"><a href=\"https:\/\/www.facture.net\/blog\/definition\/personal-branding\/\">Personal branding<\/a><\/li>\n<li class=\"page_item page-item-4171\"><a href=\"https:\/\/www.facture.net\/blog\/definition\/point-mort\/\">Point mort<\/a><\/li>\n<li class=\"page_item page-item-4173\"><a href=\"https:\/\/www.facture.net\/blog\/definition\/seuil-de-rentabilite\/\">Seuil de rentabilit\u00e9<\/a><\/li>\n<li class=\"page_item page-item-4176\"><a href=\"https:\/\/www.facture.net\/blog\/definition\/versement-liberatoire-de-limpot-sur-le-revenu\/\">Versement lib\u00e9ratoire de l&#8217;imp\u00f4t sur le revenu<\/a><\/li>\n<\/ul>\n","protected":false},"excerpt":{"rendered":"<p>Retrouvez ici tous les mots-cl\u00e9s utiles pour bien comprendre la gestion d&#8217;entreprise, de A \u00e0 Z. Cliquez sur le mot-cl\u00e9 pour afficher sa d\u00e9finition et d\u00e9couvrir tous nos contenus relatifs \u00e0 ce terme&nbsp;:<\/p>\n","protected":false},"author":1,"featured_media":0,"parent":0,"menu_order":0,"comment_status":"closed","ping_status":"closed","template":"","meta":{"_acf_changed":false,"inline_featured_image":false,"footnotes":""},"class_list":["post-3962","page","type-page","status-publish","hentry"],"acf":[],"yoast_head":"<!-- This site is optimized with the Yoast SEO plugin v25.9 - https:\/\/yoast.com\/wordpress\/plugins\/seo\/ -->\n<title>Toutes les d\u00e9finitions utiles pour votre gestion - Le glossaire Facture.net<\/title>\n<meta name=\"description\" content=\"Retrouvez ici tous les mots-cl\u00e9s utiles pour bien comprendre la gestion d&#039;entreprise, de A \u00e0 Z. Cliquez sur le mot-cl\u00e9 pour afficher sa d\u00e9finition et\" \/>\n<meta name=\"robots\" content=\"index, follow, max-snippet:-1, max-image-preview:large, max-video-preview:-1\" \/>\n<link rel=\"canonical\" href=\"https:\/\/www.facture.net\/blog\/definition\/\" \/>\n<meta property=\"og:locale\" content=\"fr_FR\" \/>\n<meta property=\"og:type\" content=\"article\" \/>\n<meta property=\"og:title\" content=\"Toutes les d\u00e9finitions utiles pour votre gestion - Le glossaire Facture.net\" \/>\n<meta property=\"og:description\" content=\"Retrouvez ici tous les mots-cl\u00e9s utiles pour bien comprendre la gestion d&#039;entreprise, de A \u00e0 Z. Cliquez sur le mot-cl\u00e9 pour afficher sa d\u00e9finition et\" \/>\n<meta property=\"og:url\" content=\"https:\/\/www.facture.net\/blog\/definition\/\" \/>\n<meta property=\"og:site_name\" content=\"Facture.net\" \/>\n<meta name=\"twitter:card\" content=\"summary_large_image\" \/>\n<script type=\"application\/ld+json\" class=\"yoast-schema-graph\">{\"@context\":\"https:\/\/schema.org\",\"@graph\":[{\"@type\":\"WebPage\",\"@id\":\"https:\/\/www.facture.net\/blog\/definition\/\",\"url\":\"https:\/\/www.facture.net\/blog\/definition\/\",\"name\":\"Toutes les d\u00e9finitions utiles pour votre gestion - Le glossaire Facture.net\",\"isPartOf\":{\"@id\":\"https:\/\/www.facture.net\/blog\/#website\"},\"datePublished\":\"2022-07-22T07:33:33+00:00\",\"description\":\"Retrouvez ici tous les mots-cl\u00e9s utiles pour bien comprendre la gestion d'entreprise, de A \u00e0 Z. Cliquez sur le mot-cl\u00e9 pour afficher sa d\u00e9finition et\",\"breadcrumb\":{\"@id\":\"https:\/\/www.facture.net\/blog\/definition\/#breadcrumb\"},\"inLanguage\":\"fr-FR\",\"potentialAction\":[{\"@type\":\"ReadAction\",\"target\":[\"https:\/\/www.facture.net\/blog\/definition\/\"]}]},{\"@type\":\"BreadcrumbList\",\"@id\":\"https:\/\/www.facture.net\/blog\/definition\/#breadcrumb\",\"itemListElement\":[{\"@type\":\"ListItem\",\"position\":1,\"name\":\"Blog\",\"item\":\"https:\/\/www.facture.net\/blog\/\"},{\"@type\":\"ListItem\",\"position\":2,\"name\":\"Toutes les d\u00e9finitions utiles pour votre gestion\"}]},{\"@type\":\"WebSite\",\"@id\":\"https:\/\/www.facture.net\/blog\/#website\",\"url\":\"https:\/\/www.facture.net\/blog\/\",\"name\":\"Facture.net\",\"description\":\"facture\",\"publisher\":{\"@id\":\"https:\/\/www.facture.net\/blog\/#organization\"},\"potentialAction\":[{\"@type\":\"SearchAction\",\"target\":{\"@type\":\"EntryPoint\",\"urlTemplate\":\"https:\/\/www.facture.net\/blog\/?s={search_term_string}\"},\"query-input\":{\"@type\":\"PropertyValueSpecification\",\"valueRequired\":true,\"valueName\":\"search_term_string\"}}],\"inLanguage\":\"fr-FR\"},{\"@type\":\"Organization\",\"@id\":\"https:\/\/www.facture.net\/blog\/#organization\",\"name\":\"Facture.net\",\"url\":\"https:\/\/www.facture.net\/blog\/\",\"logo\":{\"@type\":\"ImageObject\",\"inLanguage\":\"fr-FR\",\"@id\":\"https:\/\/www.facture.net\/blog\/#\/schema\/logo\/image\/\",\"url\":\"https:\/\/www.facture.net\/blog\/wp-content\/uploads\/sites\/3\/2022\/07\/logo-facture.svg\",\"contentUrl\":\"https:\/\/www.facture.net\/blog\/wp-content\/uploads\/sites\/3\/2022\/07\/logo-facture.svg\",\"width\":1,\"height\":1,\"caption\":\"Facture.net\"},\"image\":{\"@id\":\"https:\/\/www.facture.net\/blog\/#\/schema\/logo\/image\/\"}}]}<\/script>\n<!-- \/ Yoast SEO plugin. -->","yoast_head_json":{"title":"Toutes les d\u00e9finitions utiles pour votre gestion - Le glossaire Facture.net","description":"Retrouvez ici tous les mots-cl\u00e9s utiles pour bien comprendre la gestion d'entreprise, de A \u00e0 Z. Cliquez sur le mot-cl\u00e9 pour afficher sa d\u00e9finition et","robots":{"index":"index","follow":"follow","max-snippet":"max-snippet:-1","max-image-preview":"max-image-preview:large","max-video-preview":"max-video-preview:-1"},"canonical":"https:\/\/www.facture.net\/blog\/definition\/","og_locale":"fr_FR","og_type":"article","og_title":"Toutes les d\u00e9finitions utiles pour votre gestion - Le glossaire Facture.net","og_description":"Retrouvez ici tous les mots-cl\u00e9s utiles pour bien comprendre la gestion d'entreprise, de A \u00e0 Z. Cliquez sur le mot-cl\u00e9 pour afficher sa d\u00e9finition et","og_url":"https:\/\/www.facture.net\/blog\/definition\/","og_site_name":"Facture.net","twitter_card":"summary_large_image","schema":{"@context":"https:\/\/schema.org","@graph":[{"@type":"WebPage","@id":"https:\/\/www.facture.net\/blog\/definition\/","url":"https:\/\/www.facture.net\/blog\/definition\/","name":"Toutes les d\u00e9finitions utiles pour votre gestion - Le glossaire Facture.net","isPartOf":{"@id":"https:\/\/www.facture.net\/blog\/#website"},"datePublished":"2022-07-22T07:33:33+00:00","description":"Retrouvez ici tous les mots-cl\u00e9s utiles pour bien comprendre la gestion d'entreprise, de A \u00e0 Z. Cliquez sur le mot-cl\u00e9 pour afficher sa d\u00e9finition et","breadcrumb":{"@id":"https:\/\/www.facture.net\/blog\/definition\/#breadcrumb"},"inLanguage":"fr-FR","potentialAction":[{"@type":"ReadAction","target":["https:\/\/www.facture.net\/blog\/definition\/"]}]},{"@type":"BreadcrumbList","@id":"https:\/\/www.facture.net\/blog\/definition\/#breadcrumb","itemListElement":[{"@type":"ListItem","position":1,"name":"Blog","item":"https:\/\/www.facture.net\/blog\/"},{"@type":"ListItem","position":2,"name":"Toutes les d\u00e9finitions utiles pour votre gestion"}]},{"@type":"WebSite","@id":"https:\/\/www.facture.net\/blog\/#website","url":"https:\/\/www.facture.net\/blog\/","name":"Facture.net","description":"facture","publisher":{"@id":"https:\/\/www.facture.net\/blog\/#organization"},"potentialAction":[{"@type":"SearchAction","target":{"@type":"EntryPoint","urlTemplate":"https:\/\/www.facture.net\/blog\/?s={search_term_string}"},"query-input":{"@type":"PropertyValueSpecification","valueRequired":true,"valueName":"search_term_string"}}],"inLanguage":"fr-FR"},{"@type":"Organization","@id":"https:\/\/www.facture.net\/blog\/#organization","name":"Facture.net","url":"https:\/\/www.facture.net\/blog\/","logo":{"@type":"ImageObject","inLanguage":"fr-FR","@id":"https:\/\/www.facture.net\/blog\/#\/schema\/logo\/image\/","url":"https:\/\/www.facture.net\/blog\/wp-content\/uploads\/sites\/3\/2022\/07\/logo-facture.svg","contentUrl":"https:\/\/www.facture.net\/blog\/wp-content\/uploads\/sites\/3\/2022\/07\/logo-facture.svg","width":1,"height":1,"caption":"Facture.net"},"image":{"@id":"https:\/\/www.facture.net\/blog\/#\/schema\/logo\/image\/"}}]}},"_links":{"self":[{"href":"https:\/\/www.facture.net\/blog\/wp-json\/wp\/v2\/pages\/3962","targetHints":{"allow":["GET"]}}],"collection":[{"href":"https:\/\/www.facture.net\/blog\/wp-json\/wp\/v2\/pages"}],"about":[{"href":"https:\/\/www.facture.net\/blog\/wp-json\/wp\/v2\/types\/page"}],"author":[{"embeddable":true,"href":"https:\/\/www.facture.net\/blog\/wp-json\/wp\/v2\/users\/1"}],"replies":[{"embeddable":true,"href":"https:\/\/www.facture.net\/blog\/wp-json\/wp\/v2\/comments?post=3962"}],"version-history":[{"count":0,"href":"https:\/\/www.facture.net\/blog\/wp-json\/wp\/v2\/pages\/3962\/revisions"}],"wp:attachment":[{"href":"https:\/\/www.facture.net\/blog\/wp-json\/wp\/v2\/media?parent=3962"}],"curies":[{"name":"wp","href":"https:\/\/api.w.org\/{rel}","templated":true}]}}